{"id":70,"date":"2011-09-27T23:25:13","date_gmt":"2011-09-27T23:25:13","guid":{"rendered":"http:\/\/organicthemes.com\/demo\/natural\/?page_id=70"},"modified":"2025-06-15T19:27:22","modified_gmt":"2025-06-15T18:27:22","slug":"company","status":"publish","type":"page","link":"https:\/\/folkandhaggis.com\/es\/company\/","title":{"rendered":"GALER\u00cdA"},"content":{"rendered":"\n<div style=\"height:49px\" aria-hidden=\"true\" class=\"wp-block-spacer\"><\/div>\n\n\n\n<div class=\"wp-block-group alignfull is-content-justification-center is-layout-constrained wp-block-group-is-layout-constrained\" style=\"margin-top:0;margin-bottom:0;padding-top:var(--wp--preset--spacing--40);padding-bottom:var(--wp--preset--spacing--40)\">\n<div class=\"wp-block-group alignwide is-layout-grid wp-container-core-group-is-layout-507a8e2c wp-block-group-is-layout-grid\">\n<figure class=\"wp-block-image size-full has-custom-border wp-container-content-fb931021\"><img loading=\"lazy\" decoding=\"async\" width=\"2480\" height=\"1653\" src=\"https:\/\/hola.folkandhaggis.com\/es\/wp-content\/uploads\/sites\/2\/2025\/06\/Best-Haggis-in-Edinburgh.jpg\" alt=\"\" class=\"has-border-color wp-image-2172\" style=\"border-color:#005084;border-width:5px;aspect-ratio:1;object-fit:cover\" srcset=\"https:\/\/folkandhaggis.com\/es\/wp-content\/uploads\/sites\/2\/2025\/06\/Best-Haggis-in-Edinburgh.jpg 2480w, https:\/\/folkandhaggis.com\/es\/wp-content\/uploads\/sites\/2\/2025\/06\/Best-Haggis-in-Edinburgh-300x200.jpg 300w, https:\/\/folkandhaggis.com\/es\/wp-content\/uploads\/sites\/2\/2025\/06\/Best-Haggis-in-Edinburgh-1024x683.jpg 1024w, https:\/\/folkandhaggis.com\/es\/wp-content\/uploads\/sites\/2\/2025\/06\/Best-Haggis-in-Edinburgh-768x512.jpg 768w, https:\/\/folkandhaggis.com\/es\/wp-content\/uploads\/sites\/2\/2025\/06\/Best-Haggis-in-Edinburgh-1536x1024.jpg 1536w, https:\/\/folkandhaggis.com\/es\/wp-content\/uploads\/sites\/2\/2025\/06\/Best-Haggis-in-Edinburgh-2048x1365.jpg 2048w\" sizes=\"auto, (max-width: 2480px) 100vw, 2480px\" \/><figcaption class=\"wp-element-caption\">Bienvenidos al Restaurante Biblos, lugar d\u00f3nde se llevan a cabo las cenas de Folk and Haggis, una aut\u00e9ntica experiencia en 1, Chambers Street, Edimburgo. <\/figcaption><\/figure>\n\n\n\n<figure class=\"wp-block-image size-full has-custom-border wp-container-content-574e1f9d\"><img loading=\"lazy\" decoding=\"async\" width=\"2480\" height=\"1653\" src=\"https:\/\/hola.folkandhaggis.com\/es\/wp-content\/uploads\/sites\/2\/2025\/06\/MAG_1572-copy-1.jpg\" alt=\"\" class=\"has-border-color wp-image-2173\" style=\"border-color:#005084;border-width:5px;aspect-ratio:1;object-fit:cover\" srcset=\"https:\/\/folkandhaggis.com\/es\/wp-content\/uploads\/sites\/2\/2025\/06\/MAG_1572-copy-1.jpg 2480w, https:\/\/folkandhaggis.com\/es\/wp-content\/uploads\/sites\/2\/2025\/06\/MAG_1572-copy-1-300x200.jpg 300w, https:\/\/folkandhaggis.com\/es\/wp-content\/uploads\/sites\/2\/2025\/06\/MAG_1572-copy-1-1024x683.jpg 1024w, https:\/\/folkandhaggis.com\/es\/wp-content\/uploads\/sites\/2\/2025\/06\/MAG_1572-copy-1-768x512.jpg 768w, https:\/\/folkandhaggis.com\/es\/wp-content\/uploads\/sites\/2\/2025\/06\/MAG_1572-copy-1-1536x1024.jpg 1536w, https:\/\/folkandhaggis.com\/es\/wp-content\/uploads\/sites\/2\/2025\/06\/MAG_1572-copy-1-2048x1365.jpg 2048w\" sizes=\"auto, (max-width: 2480px) 100vw, 2480px\" \/><figcaption class=\"wp-element-caption\">Bienvenida con el ic\u00f3nico sonido de la gaita escocesa.<\/figcaption><\/figure>\n\n\n\n<figure class=\"wp-block-image size-full has-custom-border wp-container-content-574e1f9d\"><img loading=\"lazy\" decoding=\"async\" width=\"1386\" height=\"2048\" src=\"https:\/\/hola.folkandhaggis.com\/es\/wp-content\/uploads\/sites\/2\/2025\/06\/WhatsApp-Image-2024-06-04-at-17.53.14-1.jpeg\" alt=\"\" class=\"has-border-color wp-image-2174\" style=\"border-color:#005084;border-width:5px;aspect-ratio:1;object-fit:cover\" srcset=\"https:\/\/folkandhaggis.com\/es\/wp-content\/uploads\/sites\/2\/2025\/06\/WhatsApp-Image-2024-06-04-at-17.53.14-1.jpeg 1386w, https:\/\/folkandhaggis.com\/es\/wp-content\/uploads\/sites\/2\/2025\/06\/WhatsApp-Image-2024-06-04-at-17.53.14-1-203x300.jpeg 203w, https:\/\/folkandhaggis.com\/es\/wp-content\/uploads\/sites\/2\/2025\/06\/WhatsApp-Image-2024-06-04-at-17.53.14-1-693x1024.jpeg 693w, https:\/\/folkandhaggis.com\/es\/wp-content\/uploads\/sites\/2\/2025\/06\/WhatsApp-Image-2024-06-04-at-17.53.14-1-768x1135.jpeg 768w, https:\/\/folkandhaggis.com\/es\/wp-content\/uploads\/sites\/2\/2025\/06\/WhatsApp-Image-2024-06-04-at-17.53.14-1-1040x1536.jpeg 1040w\" sizes=\"auto, (max-width: 1386px) 100vw, 1386px\" \/><figcaption class=\"wp-element-caption\">\u00a1Captura el momento!<\/figcaption><\/figure>\n<\/div>\n<\/div>\n\n\n\n<div class=\"wp-block-group alignfull color-white has-background is-content-justification-center is-layout-constrained wp-block-group-is-layout-constrained\" style=\"background-color:#005084;margin-top:0;margin-bottom:0;padding-top:var(--wp--preset--spacing--40);padding-bottom:var(--wp--preset--spacing--40)\">\n<div class=\"wp-block-columns alignwide is-layout-flex wp-container-core-columns-is-layout-ea69a204 wp-block-columns-is-layout-flex\">\n<div class=\"wp-block-column is-layout-flow wp-block-column-is-layout-flow\">\n<figure class=\"wp-block-image size-full has-custom-border wp-duotone-unset-1\"><img loading=\"lazy\" decoding=\"async\" width=\"1091\" height=\"1653\" src=\"https:\/\/hola.folkandhaggis.com\/es\/wp-content\/uploads\/sites\/2\/2025\/06\/Folk-Music-Edinburgh-1.jpg\" alt=\"\" class=\"has-border-color has-white-border-color wp-image-2175\" style=\"border-width:5px;aspect-ratio:3\/4;object-fit:cover\" srcset=\"https:\/\/folkandhaggis.com\/es\/wp-content\/uploads\/sites\/2\/2025\/06\/Folk-Music-Edinburgh-1.jpg 1091w, https:\/\/folkandhaggis.com\/es\/wp-content\/uploads\/sites\/2\/2025\/06\/Folk-Music-Edinburgh-1-198x300.jpg 198w, https:\/\/folkandhaggis.com\/es\/wp-content\/uploads\/sites\/2\/2025\/06\/Folk-Music-Edinburgh-1-676x1024.jpg 676w, https:\/\/folkandhaggis.com\/es\/wp-content\/uploads\/sites\/2\/2025\/06\/Folk-Music-Edinburgh-1-768x1164.jpg 768w, https:\/\/folkandhaggis.com\/es\/wp-content\/uploads\/sites\/2\/2025\/06\/Folk-Music-Edinburgh-1-1014x1536.jpg 1014w\" sizes=\"auto, (max-width: 1091px) 100vw, 1091px\" \/><figcaption class=\"wp-element-caption\">M\u00fasica en vivo a cargo de algunos de los mejores m\u00fasicos de folk de Escocia.<\/figcaption><\/figure>\n<\/div>\n\n\n\n<div class=\"wp-block-column is-layout-flow wp-block-column-is-layout-flow\">\n<figure class=\"wp-block-image size-full has-custom-border\"><img loading=\"lazy\" decoding=\"async\" width=\"2480\" height=\"1653\" src=\"https:\/\/hola.folkandhaggis.com\/es\/wp-content\/uploads\/sites\/2\/2025\/06\/MAG_1722-copy-1.jpg\" alt=\"\" class=\"has-border-color has-white-border-color wp-image-2179\" style=\"border-width:5px;aspect-ratio:3\/4;object-fit:cover\" srcset=\"https:\/\/folkandhaggis.com\/es\/wp-content\/uploads\/sites\/2\/2025\/06\/MAG_1722-copy-1.jpg 2480w, https:\/\/folkandhaggis.com\/es\/wp-content\/uploads\/sites\/2\/2025\/06\/MAG_1722-copy-1-300x200.jpg 300w, https:\/\/folkandhaggis.com\/es\/wp-content\/uploads\/sites\/2\/2025\/06\/MAG_1722-copy-1-1024x683.jpg 1024w, https:\/\/folkandhaggis.com\/es\/wp-content\/uploads\/sites\/2\/2025\/06\/MAG_1722-copy-1-768x512.jpg 768w, https:\/\/folkandhaggis.com\/es\/wp-content\/uploads\/sites\/2\/2025\/06\/MAG_1722-copy-1-1536x1024.jpg 1536w, https:\/\/folkandhaggis.com\/es\/wp-content\/uploads\/sites\/2\/2025\/06\/MAG_1722-copy-1-2048x1365.jpg 2048w\" sizes=\"auto, (max-width: 2480px) 100vw, 2480px\" \/><figcaption class=\"wp-element-caption\">Disfrutando de una cena tradicional escocesa de tres platos en buena compa\u00f1\u00eda.<\/figcaption><\/figure>\n<\/div>\n\n\n\n<div class=\"wp-block-column is-layout-flow wp-block-column-is-layout-flow\">\n<figure class=\"wp-block-image size-full has-custom-border\"><img loading=\"lazy\" decoding=\"async\" width=\"2480\" height=\"1653\" src=\"https:\/\/hola.folkandhaggis.com\/es\/wp-content\/uploads\/sites\/2\/2025\/06\/MAG_1782-copy-2.jpg\" alt=\"\" class=\"has-border-color has-white-border-color wp-image-2180\" style=\"border-width:5px;aspect-ratio:3\/4;object-fit:cover\" srcset=\"https:\/\/folkandhaggis.com\/es\/wp-content\/uploads\/sites\/2\/2025\/06\/MAG_1782-copy-2.jpg 2480w, https:\/\/folkandhaggis.com\/es\/wp-content\/uploads\/sites\/2\/2025\/06\/MAG_1782-copy-2-300x200.jpg 300w, https:\/\/folkandhaggis.com\/es\/wp-content\/uploads\/sites\/2\/2025\/06\/MAG_1782-copy-2-1024x683.jpg 1024w, https:\/\/folkandhaggis.com\/es\/wp-content\/uploads\/sites\/2\/2025\/06\/MAG_1782-copy-2-768x512.jpg 768w, https:\/\/folkandhaggis.com\/es\/wp-content\/uploads\/sites\/2\/2025\/06\/MAG_1782-copy-2-1536x1024.jpg 1536w, https:\/\/folkandhaggis.com\/es\/wp-content\/uploads\/sites\/2\/2025\/06\/MAG_1782-copy-2-2048x1365.jpg 2048w\" sizes=\"auto, (max-width: 2480px) 100vw, 2480px\" \/><figcaption class=\"wp-element-caption\">Celebrando la \u00faltima canci\u00f3n del concierto: un momento de m\u00fasica, alegr\u00eda y uni\u00f3n.<\/figcaption><\/figure>\n<\/div>\n<\/div>\n<\/div>\n\n\n\n<div style=\"height:100px\" aria-hidden=\"true\" class=\"wp-block-spacer\"><\/div>\n\n\n\n<div class=\"wp-block-group alignfull is-nowrap is-layout-flex wp-container-core-group-is-layout-480db3c4 wp-block-group-is-layout-flex\" style=\"margin-top:0;margin-bottom:0\">\n<figure data-wp-context=\"{&quot;imageId&quot;:&quot;69d6e484e9391&quot;}\" data-wp-interactive=\"core\/image\" class=\"wp-block-image size-full has-custom-border wp-container-content-b0223bd5 wp-lightbox-container\"><img loading=\"lazy\" decoding=\"async\" width=\"2480\" height=\"1653\" data-wp-class--hide=\"state.isContentHidden\" data-wp-class--show=\"state.isContentVisible\" data-wp-init=\"callbacks.setButtonStyles\" data-wp-on-async--click=\"actions.showLightbox\" data-wp-on-async--load=\"callbacks.setButtonStyles\" data-wp-on-async-window--resize=\"callbacks.setButtonStyles\" src=\"https:\/\/hola.folkandhaggis.com\/es\/wp-content\/uploads\/sites\/2\/2025\/06\/MAG_1805-copy-2.jpg\" alt=\"\" class=\"has-border-color wp-image-2184\" style=\"border-color:#005084;border-width:5px;aspect-ratio:1;object-fit:cover\" srcset=\"https:\/\/folkandhaggis.com\/es\/wp-content\/uploads\/sites\/2\/2025\/06\/MAG_1805-copy-2.jpg 2480w, https:\/\/folkandhaggis.com\/es\/wp-content\/uploads\/sites\/2\/2025\/06\/MAG_1805-copy-2-300x200.jpg 300w, https:\/\/folkandhaggis.com\/es\/wp-content\/uploads\/sites\/2\/2025\/06\/MAG_1805-copy-2-1024x683.jpg 1024w, https:\/\/folkandhaggis.com\/es\/wp-content\/uploads\/sites\/2\/2025\/06\/MAG_1805-copy-2-768x512.jpg 768w, https:\/\/folkandhaggis.com\/es\/wp-content\/uploads\/sites\/2\/2025\/06\/MAG_1805-copy-2-1536x1024.jpg 1536w, https:\/\/folkandhaggis.com\/es\/wp-content\/uploads\/sites\/2\/2025\/06\/MAG_1805-copy-2-2048x1365.jpg 2048w\" sizes=\"auto, (max-width: 2480px) 100vw, 2480px\" \/><button\n\t\t\tclass=\"lightbox-trigger\"\n\t\t\ttype=\"button\"\n\t\t\taria-haspopup=\"dialog\"\n\t\t\taria-label=\"Agrandar\"\n\t\t\tdata-wp-init=\"callbacks.initTriggerButton\"\n\t\t\tdata-wp-on-async--click=\"actions.showLightbox\"\n\t\t\tdata-wp-style--right=\"state.imageButtonRight\"\n\t\t\tdata-wp-style--top=\"state.imageButtonTop\"\n\t\t>\n\t\t\t<svg xmlns=\"http:\/\/www.w3.org\/2000\/svg\" width=\"12\" height=\"12\" fill=\"none\" viewBox=\"0 0 12 12\">\n\t\t\t\t<path fill=\"#fff\" d=\"M2 0a2 2 0 0 0-2 2v2h1.5V2a.5.5 0 0 1 .5-.5h2V0H2Zm2 10.5H2a.5.5 0 0 1-.5-.5V8H0v2a2 2 0 0 0 2 2h2v-1.5ZM8 12v-1.5h2a.5.5 0 0 0 .5-.5V8H12v2a2 2 0 0 1-2 2H8Zm2-12a2 2 0 0 1 2 2v2h-1.5V2a.5.5 0 0 0-.5-.5H8V0h2Z\" \/>\n\t\t\t<\/svg>\n\t\t<\/button><\/figure>\n\n\n\n<figure data-wp-context=\"{&quot;imageId&quot;:&quot;69d6e484e98ef&quot;}\" data-wp-interactive=\"core\/image\" class=\"wp-block-image size-full has-custom-border wp-container-content-b0223bd5 wp-lightbox-container\"><img loading=\"lazy\" decoding=\"async\" width=\"2480\" height=\"1653\" data-wp-class--hide=\"state.isContentHidden\" data-wp-class--show=\"state.isContentVisible\" data-wp-init=\"callbacks.setButtonStyles\" data-wp-on-async--click=\"actions.showLightbox\" data-wp-on-async--load=\"callbacks.setButtonStyles\" data-wp-on-async-window--resize=\"callbacks.setButtonStyles\" src=\"https:\/\/hola.folkandhaggis.com\/es\/wp-content\/uploads\/sites\/2\/2025\/06\/MAG_1743-copy-2.jpg\" alt=\"\" class=\"has-border-color wp-image-2185\" style=\"border-color:#005084;border-width:5px;aspect-ratio:1;object-fit:cover\" srcset=\"https:\/\/folkandhaggis.com\/es\/wp-content\/uploads\/sites\/2\/2025\/06\/MAG_1743-copy-2.jpg 2480w, https:\/\/folkandhaggis.com\/es\/wp-content\/uploads\/sites\/2\/2025\/06\/MAG_1743-copy-2-300x200.jpg 300w, https:\/\/folkandhaggis.com\/es\/wp-content\/uploads\/sites\/2\/2025\/06\/MAG_1743-copy-2-1024x683.jpg 1024w, https:\/\/folkandhaggis.com\/es\/wp-content\/uploads\/sites\/2\/2025\/06\/MAG_1743-copy-2-768x512.jpg 768w, https:\/\/folkandhaggis.com\/es\/wp-content\/uploads\/sites\/2\/2025\/06\/MAG_1743-copy-2-1536x1024.jpg 1536w, https:\/\/folkandhaggis.com\/es\/wp-content\/uploads\/sites\/2\/2025\/06\/MAG_1743-copy-2-2048x1365.jpg 2048w\" sizes=\"auto, (max-width: 2480px) 100vw, 2480px\" \/><button\n\t\t\tclass=\"lightbox-trigger\"\n\t\t\ttype=\"button\"\n\t\t\taria-haspopup=\"dialog\"\n\t\t\taria-label=\"Agrandar\"\n\t\t\tdata-wp-init=\"callbacks.initTriggerButton\"\n\t\t\tdata-wp-on-async--click=\"actions.showLightbox\"\n\t\t\tdata-wp-style--right=\"state.imageButtonRight\"\n\t\t\tdata-wp-style--top=\"state.imageButtonTop\"\n\t\t>\n\t\t\t<svg xmlns=\"http:\/\/www.w3.org\/2000\/svg\" width=\"12\" height=\"12\" fill=\"none\" viewBox=\"0 0 12 12\">\n\t\t\t\t<path fill=\"#fff\" d=\"M2 0a2 2 0 0 0-2 2v2h1.5V2a.5.5 0 0 1 .5-.5h2V0H2Zm2 10.5H2a.5.5 0 0 1-.5-.5V8H0v2a2 2 0 0 0 2 2h2v-1.5ZM8 12v-1.5h2a.5.5 0 0 0 .5-.5V8H12v2a2 2 0 0 1-2 2H8Zm2-12a2 2 0 0 1 2 2v2h-1.5V2a.5.5 0 0 0-.5-.5H8V0h2Z\" \/>\n\t\t\t<\/svg>\n\t\t<\/button><\/figure>\n\n\n\n<figure data-wp-context=\"{&quot;imageId&quot;:&quot;69d6e484e9d9d&quot;}\" data-wp-interactive=\"core\/image\" class=\"wp-block-image size-full has-custom-border wp-container-content-b0223bd5 wp-lightbox-container\"><img loading=\"lazy\" decoding=\"async\" width=\"2480\" height=\"1653\" data-wp-class--hide=\"state.isContentHidden\" data-wp-class--show=\"state.isContentVisible\" data-wp-init=\"callbacks.setButtonStyles\" data-wp-on-async--click=\"actions.showLightbox\" data-wp-on-async--load=\"callbacks.setButtonStyles\" data-wp-on-async-window--resize=\"callbacks.setButtonStyles\" src=\"https:\/\/hola.folkandhaggis.com\/es\/wp-content\/uploads\/sites\/2\/2025\/06\/MAG_1629-copy-1.jpg\" alt=\"\" class=\"has-border-color wp-image-2186\" style=\"border-color:#005084;border-width:5px;aspect-ratio:1;object-fit:cover\" srcset=\"https:\/\/folkandhaggis.com\/es\/wp-content\/uploads\/sites\/2\/2025\/06\/MAG_1629-copy-1.jpg 2480w, https:\/\/folkandhaggis.com\/es\/wp-content\/uploads\/sites\/2\/2025\/06\/MAG_1629-copy-1-300x200.jpg 300w, https:\/\/folkandhaggis.com\/es\/wp-content\/uploads\/sites\/2\/2025\/06\/MAG_1629-copy-1-1024x683.jpg 1024w, https:\/\/folkandhaggis.com\/es\/wp-content\/uploads\/sites\/2\/2025\/06\/MAG_1629-copy-1-768x512.jpg 768w, https:\/\/folkandhaggis.com\/es\/wp-content\/uploads\/sites\/2\/2025\/06\/MAG_1629-copy-1-1536x1024.jpg 1536w, https:\/\/folkandhaggis.com\/es\/wp-content\/uploads\/sites\/2\/2025\/06\/MAG_1629-copy-1-2048x1365.jpg 2048w\" sizes=\"auto, (max-width: 2480px) 100vw, 2480px\" \/><button\n\t\t\tclass=\"lightbox-trigger\"\n\t\t\ttype=\"button\"\n\t\t\taria-haspopup=\"dialog\"\n\t\t\taria-label=\"Agrandar\"\n\t\t\tdata-wp-init=\"callbacks.initTriggerButton\"\n\t\t\tdata-wp-on-async--click=\"actions.showLightbox\"\n\t\t\tdata-wp-style--right=\"state.imageButtonRight\"\n\t\t\tdata-wp-style--top=\"state.imageButtonTop\"\n\t\t>\n\t\t\t<svg xmlns=\"http:\/\/www.w3.org\/2000\/svg\" width=\"12\" height=\"12\" fill=\"none\" viewBox=\"0 0 12 12\">\n\t\t\t\t<path fill=\"#fff\" d=\"M2 0a2 2 0 0 0-2 2v2h1.5V2a.5.5 0 0 1 .5-.5h2V0H2Zm2 10.5H2a.5.5 0 0 1-.5-.5V8H0v2a2 2 0 0 0 2 2h2v-1.5ZM8 12v-1.5h2a.5.5 0 0 0 .5-.5V8H12v2a2 2 0 0 1-2 2H8Zm2-12a2 2 0 0 1 2 2v2h-1.5V2a.5.5 0 0 0-.5-.5H8V0h2Z\" \/>\n\t\t\t<\/svg>\n\t\t<\/button><\/figure>\n\n\n\n<figure data-wp-context=\"{&quot;imageId&quot;:&quot;69d6e484ea200&quot;}\" data-wp-interactive=\"core\/image\" class=\"wp-block-image size-full has-custom-border wp-container-content-b0223bd5 wp-lightbox-container\"><img loading=\"lazy\" decoding=\"async\" width=\"2480\" height=\"1653\" data-wp-class--hide=\"state.isContentHidden\" data-wp-class--show=\"state.isContentVisible\" data-wp-init=\"callbacks.setButtonStyles\" data-wp-on-async--click=\"actions.showLightbox\" data-wp-on-async--load=\"callbacks.setButtonStyles\" data-wp-on-async-window--resize=\"callbacks.setButtonStyles\" src=\"https:\/\/hola.folkandhaggis.com\/es\/wp-content\/uploads\/sites\/2\/2025\/06\/MAG_1794-copy-1.jpg\" alt=\"\" class=\"has-border-color wp-image-2187\" style=\"border-color:#005084;border-width:5px;aspect-ratio:1;object-fit:cover\" srcset=\"https:\/\/folkandhaggis.com\/es\/wp-content\/uploads\/sites\/2\/2025\/06\/MAG_1794-copy-1.jpg 2480w, https:\/\/folkandhaggis.com\/es\/wp-content\/uploads\/sites\/2\/2025\/06\/MAG_1794-copy-1-300x200.jpg 300w, https:\/\/folkandhaggis.com\/es\/wp-content\/uploads\/sites\/2\/2025\/06\/MAG_1794-copy-1-1024x683.jpg 1024w, https:\/\/folkandhaggis.com\/es\/wp-content\/uploads\/sites\/2\/2025\/06\/MAG_1794-copy-1-768x512.jpg 768w, https:\/\/folkandhaggis.com\/es\/wp-content\/uploads\/sites\/2\/2025\/06\/MAG_1794-copy-1-1536x1024.jpg 1536w, https:\/\/folkandhaggis.com\/es\/wp-content\/uploads\/sites\/2\/2025\/06\/MAG_1794-copy-1-2048x1365.jpg 2048w\" sizes=\"auto, (max-width: 2480px) 100vw, 2480px\" \/><button\n\t\t\tclass=\"lightbox-trigger\"\n\t\t\ttype=\"button\"\n\t\t\taria-haspopup=\"dialog\"\n\t\t\taria-label=\"Agrandar\"\n\t\t\tdata-wp-init=\"callbacks.initTriggerButton\"\n\t\t\tdata-wp-on-async--click=\"actions.showLightbox\"\n\t\t\tdata-wp-style--right=\"state.imageButtonRight\"\n\t\t\tdata-wp-style--top=\"state.imageButtonTop\"\n\t\t>\n\t\t\t<svg xmlns=\"http:\/\/www.w3.org\/2000\/svg\" width=\"12\" height=\"12\" fill=\"none\" viewBox=\"0 0 12 12\">\n\t\t\t\t<path fill=\"#fff\" d=\"M2 0a2 2 0 0 0-2 2v2h1.5V2a.5.5 0 0 1 .5-.5h2V0H2Zm2 10.5H2a.5.5 0 0 1-.5-.5V8H0v2a2 2 0 0 0 2 2h2v-1.5ZM8 12v-1.5h2a.5.5 0 0 0 .5-.5V8H12v2a2 2 0 0 1-2 2H8Zm2-12a2 2 0 0 1 2 2v2h-1.5V2a.5.5 0 0 0-.5-.5H8V0h2Z\" \/>\n\t\t\t<\/svg>\n\t\t<\/button><\/figure>\n<\/div>\n\n\n\n<div style=\"height:71px\" aria-hidden=\"true\" class=\"wp-block-spacer\"><\/div>\n\n\n\n<div class=\"wp-block-group alignfull is-content-justification-center is-layout-constrained wp-container-core-group-is-layout-df757ecc wp-block-group-is-layout-constrained\" style=\"margin-top:0;margin-bottom:0;padding-top:calc( 0.5 * var(--wp--style--root--padding-right, var(--wp--custom--gap--horizontal)));padding-right:var(--wp--style--root--padding-right, var(--wp--custom--gap--horizontal));padding-bottom:calc( 0.5 * var(--wp--style--root--padding-right, var(--wp--custom--gap--horizontal)));padding-left:var(--wp--style--root--padding-left, var(--wp--custom--gap--horizontal))\">\n<div style=\"height:calc( 0.25 * var(--wp--style--root--padding-right, var(--wp--custom--gap--horizontal)))\" aria-hidden=\"true\" class=\"wp-block-spacer\"><\/div>\n\n\n\n<h2 class=\"wp-block-heading alignwide has-text-align-center has-black-color has-text-color has-link-color has-montserrat-font-family has-xx-large-font-size wp-elements-037e0e9cd151c5072a113b13e428db4a\" style=\"font-style:italic;font-weight:700\">Brinda por la herencia escocesa con un tradicional brindis de whisky.<br>\u00bfWhisky o Irn-Bru? Un brindis para todos los gustos.<\/h2>\n\n\n\n<p class=\"has-text-align-center\"><\/p>\n\n\n\n<div style=\"height:calc( 0.25 * var(--wp--style--root--padding-right, var(--wp--custom--gap--horizontal)))\" aria-hidden=\"true\" class=\"wp-block-spacer\"><\/div>\n<\/div>\n\n\n\n<div style=\"height:60px\" aria-hidden=\"true\" class=\"wp-block-spacer\"><\/div>\n\n\n\n<figure class=\"wp-block-gallery has-nested-images columns-default is-cropped wp-block-gallery-2 is-layout-flex wp-block-gallery-is-layout-flex\">\n<figure class=\"wp-block-image size-large has-custom-border\"><img loading=\"lazy\" decoding=\"async\" width=\"771\" height=\"1024\" data-id=\"2208\" src=\"https:\/\/hola.folkandhaggis.com\/es\/wp-content\/uploads\/sites\/2\/2025\/06\/Haggis-Edinburgh-771x1024.jpg\" alt=\"\" class=\"has-border-color wp-image-2208\" style=\"border-color:#005084;border-width:5px\" srcset=\"https:\/\/folkandhaggis.com\/es\/wp-content\/uploads\/sites\/2\/2025\/06\/Haggis-Edinburgh-771x1024.jpg 771w, https:\/\/folkandhaggis.com\/es\/wp-content\/uploads\/sites\/2\/2025\/06\/Haggis-Edinburgh-226x300.jpg 226w, https:\/\/folkandhaggis.com\/es\/wp-content\/uploads\/sites\/2\/2025\/06\/Haggis-Edinburgh-768x1020.jpg 768w, https:\/\/folkandhaggis.com\/es\/wp-content\/uploads\/sites\/2\/2025\/06\/Haggis-Edinburgh-1157x1536.jpg 1157w, https:\/\/folkandhaggis.com\/es\/wp-content\/uploads\/sites\/2\/2025\/06\/Haggis-Edinburgh-1542x2048.jpg 1542w, https:\/\/folkandhaggis.com\/es\/wp-content\/uploads\/sites\/2\/2025\/06\/Haggis-Edinburgh-scaled.jpg 1928w\" sizes=\"auto, (max-width: 771px) 100vw, 771px\" \/><figcaption class=\"wp-element-caption\">Haggis: el plato nacional, servido con calidez y tradici\u00f3n.<\/figcaption><\/figure>\n\n\n\n<figure class=\"wp-block-image size-large has-custom-border\"><img loading=\"lazy\" decoding=\"async\" width=\"771\" height=\"1024\" data-id=\"2207\" src=\"https:\/\/hola.folkandhaggis.com\/es\/wp-content\/uploads\/sites\/2\/2025\/06\/Fish-and-chips-edinburgh-771x1024.jpg\" alt=\"\" class=\"has-border-color wp-image-2207\" style=\"border-color:#005084;border-width:5px\" srcset=\"https:\/\/folkandhaggis.com\/es\/wp-content\/uploads\/sites\/2\/2025\/06\/Fish-and-chips-edinburgh-771x1024.jpg 771w, https:\/\/folkandhaggis.com\/es\/wp-content\/uploads\/sites\/2\/2025\/06\/Fish-and-chips-edinburgh-226x300.jpg 226w, https:\/\/folkandhaggis.com\/es\/wp-content\/uploads\/sites\/2\/2025\/06\/Fish-and-chips-edinburgh-768x1020.jpg 768w, https:\/\/folkandhaggis.com\/es\/wp-content\/uploads\/sites\/2\/2025\/06\/Fish-and-chips-edinburgh-1157x1536.jpg 1157w, https:\/\/folkandhaggis.com\/es\/wp-content\/uploads\/sites\/2\/2025\/06\/Fish-and-chips-edinburgh-1542x2048.jpg 1542w, https:\/\/folkandhaggis.com\/es\/wp-content\/uploads\/sites\/2\/2025\/06\/Fish-and-chips-edinburgh-scaled.jpg 1928w\" sizes=\"auto, (max-width: 771px) 100vw, 771px\" \/><figcaption class=\"wp-element-caption\">Un cl\u00e1sico, el fish &amp; chips: crujiente, dorado y delicioso.<\/figcaption><\/figure>\n\n\n\n<figure class=\"wp-block-image size-large has-custom-border\"><img loading=\"lazy\" decoding=\"async\" width=\"771\" height=\"1024\" data-id=\"2209\" src=\"https:\/\/hola.folkandhaggis.com\/es\/wp-content\/uploads\/sites\/2\/2025\/06\/Cullen-Skink-Edinburgh-771x1024.jpg\" alt=\"\" class=\"has-border-color wp-image-2209\" style=\"border-color:#005084;border-width:5px\" srcset=\"https:\/\/folkandhaggis.com\/es\/wp-content\/uploads\/sites\/2\/2025\/06\/Cullen-Skink-Edinburgh-771x1024.jpg 771w, https:\/\/folkandhaggis.com\/es\/wp-content\/uploads\/sites\/2\/2025\/06\/Cullen-Skink-Edinburgh-226x300.jpg 226w, https:\/\/folkandhaggis.com\/es\/wp-content\/uploads\/sites\/2\/2025\/06\/Cullen-Skink-Edinburgh-768x1020.jpg 768w, https:\/\/folkandhaggis.com\/es\/wp-content\/uploads\/sites\/2\/2025\/06\/Cullen-Skink-Edinburgh-1157x1536.jpg 1157w, https:\/\/folkandhaggis.com\/es\/wp-content\/uploads\/sites\/2\/2025\/06\/Cullen-Skink-Edinburgh-1542x2048.jpg 1542w, https:\/\/folkandhaggis.com\/es\/wp-content\/uploads\/sites\/2\/2025\/06\/Cullen-Skink-Edinburgh-scaled.jpg 1928w\" sizes=\"auto, (max-width: 771px) 100vw, 771px\" \/><figcaption class=\"wp-element-caption\">Sopa tradicional de abadejo ahumado: rica y cremosa.<\/figcaption><\/figure>\n\n\n\n<figure class=\"wp-block-image size-large has-custom-border\"><img loading=\"lazy\" decoding=\"async\" width=\"1024\" height=\"683\" data-id=\"2210\" src=\"https:\/\/hola.folkandhaggis.com\/es\/wp-content\/uploads\/sites\/2\/2025\/06\/Scottish-dessert-1024x683.jpg\" alt=\"\" class=\"has-border-color wp-image-2210\" style=\"border-color:#005084;border-width:5px\" srcset=\"https:\/\/folkandhaggis.com\/es\/wp-content\/uploads\/sites\/2\/2025\/06\/Scottish-dessert-1024x683.jpg 1024w, https:\/\/folkandhaggis.com\/es\/wp-content\/uploads\/sites\/2\/2025\/06\/Scottish-dessert-300x200.jpg 300w, https:\/\/folkandhaggis.com\/es\/wp-content\/uploads\/sites\/2\/2025\/06\/Scottish-dessert-768x512.jpg 768w, https:\/\/folkandhaggis.com\/es\/wp-content\/uploads\/sites\/2\/2025\/06\/Scottish-dessert-1536x1024.jpg 1536w, https:\/\/folkandhaggis.com\/es\/wp-content\/uploads\/sites\/2\/2025\/06\/Scottish-dessert-2048x1365.jpg 2048w\" sizes=\"auto, (max-width: 1024px) 100vw, 1024px\" \/><figcaption class=\"wp-element-caption\">Un cl\u00e1sico dulce escoc\u00e9s: intenso e irresistible.<\/figcaption><\/figure>\n\n\n\n<figure class=\"wp-block-image size-large has-custom-border\"><img loading=\"lazy\" decoding=\"async\" width=\"1024\" height=\"683\" data-id=\"2211\" src=\"https:\/\/hola.folkandhaggis.com\/es\/wp-content\/uploads\/sites\/2\/2025\/06\/Scottish-Salmon-1024x683.jpg\" alt=\"\" class=\"has-border-color wp-image-2211\" style=\"border-color:#005084;border-width:5px\" srcset=\"https:\/\/folkandhaggis.com\/es\/wp-content\/uploads\/sites\/2\/2025\/06\/Scottish-Salmon-1024x683.jpg 1024w, https:\/\/folkandhaggis.com\/es\/wp-content\/uploads\/sites\/2\/2025\/06\/Scottish-Salmon-300x200.jpg 300w, https:\/\/folkandhaggis.com\/es\/wp-content\/uploads\/sites\/2\/2025\/06\/Scottish-Salmon-768x512.jpg 768w, https:\/\/folkandhaggis.com\/es\/wp-content\/uploads\/sites\/2\/2025\/06\/Scottish-Salmon-1536x1024.jpg 1536w, https:\/\/folkandhaggis.com\/es\/wp-content\/uploads\/sites\/2\/2025\/06\/Scottish-Salmon-2048x1365.jpg 2048w\" sizes=\"auto, (max-width: 1024px) 100vw, 1024px\" \/><figcaption class=\"wp-element-caption\">Salm\u00f3n escoc\u00e9s fresco: lleno de sabor.<\/figcaption><\/figure>\n<\/figure>\n\n\n\n<div style=\"height:58px\" aria-hidden=\"true\" class=\"wp-block-spacer\"><\/div>\n","protected":false},"excerpt":{"rendered":"<p>This is an example page excerpt. An excerpt can be used to provide a summary of the full page content.<\/p>\n","protected":false},"author":1,"featured_media":2177,"parent":0,"menu_order":0,"comment_status":"open","ping_status":"open","template":"","meta":{"footnotes":""},"class_list":["post-70","page","type-page","status-publish","has-post-thumbnail","hentry"],"_links":{"self":[{"href":"https:\/\/folkandhaggis.com\/es\/wp-json\/wp\/v2\/pages\/70","targetHints":{"allow":["GET"]}}],"collection":[{"href":"https:\/\/folkandhaggis.com\/es\/wp-json\/wp\/v2\/pages"}],"about":[{"href":"https:\/\/folkandhaggis.com\/es\/wp-json\/wp\/v2\/types\/page"}],"author":[{"embeddable":true,"href":"https:\/\/folkandhaggis.com\/es\/wp-json\/wp\/v2\/users\/1"}],"replies":[{"embeddable":true,"href":"https:\/\/folkandhaggis.com\/es\/wp-json\/wp\/v2\/comments?post=70"}],"version-history":[{"count":4,"href":"https:\/\/folkandhaggis.com\/es\/wp-json\/wp\/v2\/pages\/70\/revisions"}],"predecessor-version":[{"id":2401,"href":"https:\/\/folkandhaggis.com\/es\/wp-json\/wp\/v2\/pages\/70\/revisions\/2401"}],"wp:featuredmedia":[{"embeddable":true,"href":"https:\/\/folkandhaggis.com\/es\/wp-json\/wp\/v2\/media\/2177"}],"wp:attachment":[{"href":"https:\/\/folkandhaggis.com\/es\/wp-json\/wp\/v2\/media?parent=70"}],"curies":[{"name":"wp","href":"https:\/\/api.w.org\/{rel}","templated":true}]}}