{"id":430,"date":"2017-04-14T19:24:45","date_gmt":"2017-04-14T19:24:45","guid":{"rendered":"http:\/\/organicthemes.com\/demo\/growth\/?page_id=430"},"modified":"2025-06-15T20:21:53","modified_gmt":"2025-06-15T19:21:53","slug":"services","status":"publish","type":"page","link":"https:\/\/folkandhaggis.com\/es\/services\/","title":{"rendered":"NUESTROS SERVICIOS"},"content":{"rendered":"\n<div class=\"wp-block-group alignfull is-style-default has-border-color is-content-justification-center is-layout-constrained wp-container-core-group-is-layout-2d8ccb41 wp-block-group-is-layout-constrained\" style=\"border-color:#005084;border-width:5px;margin-top:0;margin-bottom:0;padding-top:var(--wp--preset--spacing--40);padding-bottom:var(--wp--preset--spacing--70)\">\n<div class=\"wp-block-group alignwide is-layout-constrained wp-block-group-is-layout-constrained\">\n<div style=\"height:69px\" aria-hidden=\"true\" class=\"wp-block-spacer\"><\/div>\n\n\n\n<h2 class=\"wp-block-heading has-text-align-center has-text-color has-link-color has-montserrat-font-family wp-elements-60a44df04bac42723eb548fca5dbc098\" style=\"color:#005084;font-style:normal;font-weight:700\">Elige tu experiencia escocesa perfecta<\/h2>\n\n\n\n<div style=\"height:69px\" aria-hidden=\"true\" class=\"wp-block-spacer\"><\/div>\n<\/div>\n\n\n\n<div class=\"wp-block-group alignwide is-layout-flow wp-block-group-is-layout-flow\">\n<div class=\"wp-block-group is-layout-flow wp-block-group-is-layout-flow\">\n<div class=\"wp-block-columns alignwide is-layout-flex wp-container-core-columns-is-layout-73d3e79b wp-block-columns-is-layout-flex\">\n<div class=\"wp-block-column is-style-default is-layout-flow wp-container-core-column-is-layout-d861e3ee wp-block-column-is-layout-flow\" style=\"padding-top:var(--wp--preset--spacing--40);padding-right:var(--wp--preset--spacing--40);padding-bottom:var(--wp--preset--spacing--40);padding-left:var(--wp--preset--spacing--40)\">\n<div class=\"wp-block-group is-layout-constrained wp-container-core-group-is-layout-1026f38c wp-block-group-is-layout-constrained\">\n<h3 class=\"wp-block-heading has-text-align-center is-pricing-tier-name has-text-color has-link-color has-montserrat-font-family has-medium-large-font-size wp-elements-05413cbb4fd71ba527de292ddfb22855\" style=\"color:#005084;font-style:normal;font-weight:500\">CENA ESCOCESA &amp; CONCIERTO DE M\u00daSICA FOLK<\/h3>\n\n\n\n<div style=\"height:78px\" aria-hidden=\"true\" class=\"wp-block-spacer\"><\/div>\n\n\n\n<p class=\"has-text-align-center is-pricing-tier-price has-black-color has-text-color has-link-color has-montserrat-font-family has-xx-large-font-size wp-elements-925004641ecfdc8a0f0645ccb239f4d0\">Disfruta de una<strong> cena tradicional escocesa de tres platos<\/strong> acompa\u00f1ada de<strong> m\u00fasica folk en vivo<\/strong> interpretada por m\u00fasicos locales.<br>Una velada cultural en el coraz\u00f3n de Edimburgo con bienvenida con <strong>gaitero<\/strong>, narraci\u00f3n de historias y<strong> brindis con whisky<\/strong>.<\/p>\n\n\n\n<div style=\"height:28px\" aria-hidden=\"true\" class=\"wp-block-spacer\"><\/div>\n<\/div>\n\n\n\n<div class=\"wp-block-buttons is-layout-flex wp-block-buttons-is-layout-flex\">\n<div class=\"wp-block-button has-custom-width wp-block-button__width-100 is-style-fill\"><a class=\"wp-block-button__link has-background has-montserrat-font-family wp-element-button\" href=\"https:\/\/folkandhaggis.com\/es\/about\/\" style=\"background-color:#005084\">M\u00c1S INFORMACI\u00d3N<\/a><\/div>\n<\/div>\n<\/div>\n\n\n\n<div class=\"wp-block-column is-style-section-3 is-layout-flow wp-container-core-column-is-layout-d861e3ee wp-block-column-is-layout-flow\" style=\"padding-top:var(--wp--preset--spacing--40);padding-right:var(--wp--preset--spacing--40);padding-bottom:var(--wp--preset--spacing--40);padding-left:var(--wp--preset--spacing--40)\">\n<div class=\"wp-block-group is-layout-constrained wp-container-core-group-is-layout-1026f38c wp-block-group-is-layout-constrained\">\n<h3 class=\"wp-block-heading has-text-align-center is-pricing-tier-name has-text-color has-link-color has-medium-large-font-size wp-elements-a36f043563483b447619a4540b31fb89\" style=\"color:#005084;font-style:normal;font-weight:500\">cena escocesa &amp; m\u00fasica folk privada (grupos y eventos)<\/h3>\n\n\n\n<div style=\"height:45px\" aria-hidden=\"true\" class=\"wp-block-spacer\"><\/div>\n\n\n\n<p class=\"has-text-align-center is-pricing-tier-price has-black-color has-text-color has-link-color has-montserrat-font-family has-xx-large-font-size wp-elements-2defcdada48607433f98fd92b787d726\">Una versi\u00f3n personalizada de nuestra <strong>cena escocesa<\/strong>, dise\u00f1ada para <strong>grupos privados,<\/strong> <strong>eventos corporativos<\/strong> o <strong>celebraciones especiales<\/strong>.<br>Incluye <strong>acceso exclusivo<\/strong> al lugar, bienvenida con <strong>gaitero,<\/strong> <strong>cena tradicional, m\u00fasica en vivo y brindis con whisky<\/strong> \u2014 todo en un ambiente <strong>privado e inmersivo.<\/strong><\/p>\n\n\n\n<div style=\"height:0px\" aria-hidden=\"true\" class=\"wp-block-spacer\"><\/div>\n<\/div>\n\n\n\n<div class=\"wp-block-buttons is-layout-flex wp-block-buttons-is-layout-flex\">\n<div class=\"wp-block-button has-custom-width wp-block-button__width-100 is-style-fill\"><a class=\"wp-block-button__link has-background has-montserrat-font-family wp-element-button\" href=\"https:\/\/folkandhaggis.com\/es\/private-scottish-dinner-folk-music-groups-events\/\" style=\"background-color:#005084\">M\u00c1S INFORMACI\u00d3N<\/a><\/div>\n<\/div>\n<\/div>\n\n\n\n<div class=\"wp-block-column is-style-default is-layout-flow wp-container-core-column-is-layout-d861e3ee wp-block-column-is-layout-flow\" style=\"padding-top:var(--wp--preset--spacing--40);padding-right:var(--wp--preset--spacing--40);padding-bottom:var(--wp--preset--spacing--40);padding-left:var(--wp--preset--spacing--40)\">\n<div class=\"wp-block-group is-layout-constrained wp-container-core-group-is-layout-1026f38c wp-block-group-is-layout-constrained\">\n<h3 class=\"wp-block-heading has-text-align-center is-pricing-tier-name has-text-color has-link-color has-montserrat-font-family has-medium-large-font-size wp-elements-09511d47e4bea3219bd1223860668a64\" style=\"color:#005084;font-style:normal;font-weight:500\">Eventos privados de baile tradicional Ceilidh<\/h3>\n\n\n\n<div style=\"height:27px\" aria-hidden=\"true\" class=\"wp-block-spacer\"><\/div>\n\n\n\n<p class=\"has-text-align-center is-pricing-tier-price has-black-color has-text-color has-link-color has-montserrat-font-family has-xx-large-font-size wp-elements-fa4484bc80b3451734193e025e0c67a9\">Organizamos <strong>Ceilidhs privados<\/strong> en algunos de los lugares m\u00e1s emblem\u00e1ticos de Edimburgo.<br><strong>Baile tradicional escoc\u00e9s<\/strong> con m\u00fasica en vivo, <strong>bebidas incluidas<\/strong> y <strong>gu\u00eda paso a paso<\/strong> de nuestros m\u00fasicos \u2014 \u00a1no se necesita experiencia!<\/p>\n<\/div>\n\n\n\n<div style=\"height:126px\" aria-hidden=\"true\" class=\"wp-block-spacer\"><\/div>\n\n\n\n<div class=\"wp-block-buttons is-layout-flex wp-block-buttons-is-layout-flex\">\n<div class=\"wp-block-button has-custom-width wp-block-button__width-100 is-style-fill\"><a class=\"wp-block-button__link has-background has-montserrat-font-family wp-element-button\" href=\"https:\/\/folkandhaggis.com\/es\/private-ceilidh-traditional-dances\/\" style=\"background-color:#005084\">M\u00c1S INFORMACI\u00d3N<\/a><\/div>\n<\/div>\n<\/div>\n<\/div>\n<\/div>\n<\/div>\n<\/div>\n\n\n\n<div style=\"height:125px\" aria-hidden=\"true\" class=\"wp-block-spacer\"><\/div>\n\n\n\n<h3 class=\"wp-block-heading has-text-align-center has-black-color has-text-color has-link-color wp-elements-84d872126f0fcefe5989aa2252b3a4fd\"><strong>Descubre Edimburgo con LOS TOURS DE Timeless Edinburgh<\/strong><\/h3>\n\n\n\n<div style=\"height:36px\" aria-hidden=\"true\" class=\"wp-block-spacer\"><\/div>\n\n\n\n<p class=\"has-text-align-center has-black-color has-text-color has-link-color has-montserrat-font-family wp-elements-d29ecb3bc8d7ccd135848c76cfbb1fe6\">\u00bfQuieres <strong>explorar la ciudad<\/strong> antes o despu\u00e9s de tu experiencia con Folk and Haggis?<br>Te recomendamos de coraz\u00f3n a nuestro socio de confianza, <strong>Timeless Edinburgh,<\/strong> para <strong>tours guiados <\/strong>que dan vida a la historia, las leyendas y los rincones secretos de la ciudad.<br>Desde los <strong>callejones medievales de la Old Town<\/strong> hasta <strong>vistas panor\u00e1micas y relatos locales<\/strong> que no encontrar\u00e1s en las gu\u00edas, estos tours son la manera perfecta de conectar a\u00fan m\u00e1s con Edimburgo.<\/p>\n\n\n\n<p class=\"has-text-align-center has-black-color has-text-color has-link-color has-montserrat-font-family wp-elements-658590127413a016b046c93e2e2b5dd6\"><\/p>\n\n\n\n<p class=\"has-text-align-center has-black-color has-text-color has-link-color has-montserrat-font-family wp-elements-2bce11de43ee9f61febb209a4b701304\"><strong>\u00a1Que tu experiencia escocesa comience antes de que empiece la m\u00fasica!<\/strong><\/p>\n\n\n\n<div style=\"height:57px\" aria-hidden=\"true\" class=\"wp-block-spacer\"><\/div>\n\n\n\n<div class=\"wp-block-buttons is-content-justification-center is-layout-flex wp-container-core-buttons-is-layout-a89b3969 wp-block-buttons-is-layout-flex\">\n<div class=\"wp-block-button\"><a class=\"wp-block-button__link has-background has-montserrat-font-family wp-element-button\" href=\"https:\/\/timelessedinburgh.com\/en\" style=\"background-color:#005084\">VISITA  SU P\u00c1GINA WEB<\/a><\/div>\n<\/div>\n\n\n\n<div style=\"height:82px\" aria-hidden=\"true\" class=\"wp-block-spacer\"><\/div>\n","protected":false},"excerpt":{"rendered":"<p>We offer a variety of services. This is an example excerpt. Excerpts are summaries of the full page content.<\/p>\n","protected":false},"author":1,"featured_media":2158,"parent":0,"menu_order":0,"comment_status":"closed","ping_status":"closed","template":"","meta":{"footnotes":""},"class_list":["post-430","page","type-page","status-publish","has-post-thumbnail","hentry"],"_links":{"self":[{"href":"https:\/\/folkandhaggis.com\/es\/wp-json\/wp\/v2\/pages\/430","targetHints":{"allow":["GET"]}}],"collection":[{"href":"https:\/\/folkandhaggis.com\/es\/wp-json\/wp\/v2\/pages"}],"about":[{"href":"https:\/\/folkandhaggis.com\/es\/wp-json\/wp\/v2\/types\/page"}],"author":[{"embeddable":true,"href":"https:\/\/folkandhaggis.com\/es\/wp-json\/wp\/v2\/users\/1"}],"replies":[{"embeddable":true,"href":"https:\/\/folkandhaggis.com\/es\/wp-json\/wp\/v2\/comments?post=430"}],"version-history":[{"count":8,"href":"https:\/\/folkandhaggis.com\/es\/wp-json\/wp\/v2\/pages\/430\/revisions"}],"predecessor-version":[{"id":2419,"href":"https:\/\/folkandhaggis.com\/es\/wp-json\/wp\/v2\/pages\/430\/revisions\/2419"}],"wp:featuredmedia":[{"embeddable":true,"href":"https:\/\/folkandhaggis.com\/es\/wp-json\/wp\/v2\/media\/2158"}],"wp:attachment":[{"href":"https:\/\/folkandhaggis.com\/es\/wp-json\/wp\/v2\/media?parent=430"}],"curies":[{"name":"wp","href":"https:\/\/api.w.org\/{rel}","templated":true}]}}