{"id":32,"date":"2011-09-27T22:35:52","date_gmt":"2011-09-27T22:35:52","guid":{"rendered":"http:\/\/organicthemes.com\/demo\/natural\/?page_id=32"},"modified":"2025-06-15T21:02:06","modified_gmt":"2025-06-15T20:02:06","slug":"about","status":"publish","type":"page","link":"https:\/\/folkandhaggis.com\/es\/about\/","title":{"rendered":"CENA ESCOCESA &amp; CONCIERTO DE M\u00daSICA FOLK"},"content":{"rendered":"\n<div style=\"height:56px\" aria-hidden=\"true\" class=\"wp-block-spacer\"><\/div>\n\n\n\n<p class=\"has-text-align-center has-black-color has-text-color has-montserrat-font-family has-medium-large-font-size\" style=\"font-style:italic;font-weight:400\">En <strong>Folk and Haggis<\/strong> ofrecemos una aut\u00e9ntica velada escocesa: la experiencia comienza con una bienvenida con un <strong>gaitero<\/strong>, seguida de una<strong> cena tradicional<\/strong> de tres platos, <strong>m\u00fasica folk en vivo<\/strong> y un brindis final con <strong>whisky.<\/strong><\/p>\n\n\n\n<div style=\"height:70px\" aria-hidden=\"true\" class=\"wp-block-spacer\"><\/div>\n\n\n\n<div class=\"wp-block-group alignfull has-white-color has-text-color has-background has-link-color wp-elements-71b569e175db8935886d10254d8ed03d is-layout-constrained wp-container-core-group-is-layout-d89aad35 wp-block-group-is-layout-constrained\" style=\"background-color:#005084;margin-top:0;margin-bottom:0;padding-top:var(--wp--preset--spacing--50);padding-right:var(--wp--preset--spacing--50);padding-bottom:var(--wp--preset--spacing--50);padding-left:var(--wp--preset--spacing--50)\">\n<div class=\"wp-block-group alignwide has-base-2-background-color has-background is-layout-constrained wp-container-core-group-is-layout-39412042 wp-block-group-is-layout-constrained\" style=\"border-radius:16px;padding-top:var(--wp--preset--spacing--40);padding-right:var(--wp--preset--spacing--50);padding-bottom:var(--wp--preset--spacing--40);padding-left:var(--wp--preset--spacing--50)\">\n<div style=\"height:var(--wp--preset--spacing--10)\" aria-hidden=\"true\" class=\"wp-block-spacer\"><\/div>\n\n\n\n<div style=\"height:57px\" aria-hidden=\"true\" class=\"wp-block-spacer\"><\/div>\n\n\n\n<h2 class=\"wp-block-heading has-text-align-center has-white-color has-text-color has-link-color has-montserrat-font-family has-x-large-font-size wp-elements-2bc964c8330daf4b08dcef0923f757ec\" style=\"font-style:normal;font-weight:700\">\u00bfVienes a Edimburgo de visita?<a href=\"https:\/\/wpcnx.com\/apply-to-speak\/\"><\/a><\/h2>\n\n\n\n<div style=\"height:57px\" aria-hidden=\"true\" class=\"wp-block-spacer\"><\/div>\n\n\n\n<div class=\"wp-block-buttons is-content-justification-center is-layout-flex wp-container-core-buttons-is-layout-a89b3969 wp-block-buttons-is-layout-flex\">\n<div class=\"wp-block-button\"><a class=\"wp-block-button__link has-white-background-color has-text-color has-background has-link-color wp-element-button\" href=\"https:\/\/fareharbor.com\/embeds\/book\/folkandhaggis\/items\/495488\/?full-items=yes&amp;flow=1045695\" style=\"color:#005084\">\u00a1\u00daNETE A UNA DE NUESTRAS CENAS!<\/a><\/div>\n<\/div>\n\n\n\n<div style=\"height:57px\" aria-hidden=\"true\" class=\"wp-block-spacer\"><\/div>\n\n\n\n<div style=\"height:var(--wp--preset--spacing--10)\" aria-hidden=\"true\" class=\"wp-block-spacer\"><\/div>\n<\/div>\n<\/div>\n\n\n\n<div style=\"height:59px\" aria-hidden=\"true\" class=\"wp-block-spacer\"><\/div>\n\n\n\n<hr class=\"wp-block-separator alignwide has-text-color has-light-gray-color has-alpha-channel-opacity has-light-gray-background-color has-background is-style-wide\" \/>\n\n\n\n<div class=\"wp-block-columns alignwide is-layout-flex wp-container-core-columns-is-layout-28f84493 wp-block-columns-is-layout-flex\">\n<div class=\"wp-block-column is-layout-flow wp-block-column-is-layout-flow\">\n<h3 class=\"wp-block-heading has-black-color has-text-color has-link-color has-montserrat-font-family wp-elements-7f20f2318d979d8e05b6639eb35b0e1b\" style=\"font-style:normal;font-weight:700\">Una noche escocesa inolvidable de sabores, m\u00fasica y tradici\u00f3n en el coraz\u00f3n de Edimburgo.<\/h3>\n<\/div>\n\n\n\n<div class=\"wp-block-column is-layout-flow wp-block-column-is-layout-flow\">\n<p class=\"has-black-color has-text-color has-link-color has-montserrat-font-family wp-elements-5cae7d46026efea61c7e5828eb1b7d76\">Disfruta de una<strong> noche \u00fanica <\/strong>descubriendo la incre\u00edble riqueza de la <strong>cocina escocesa<\/strong>, acompa\u00f1ada de melod\u00edas tradicionales interpretadas en vivo por<strong> m\u00fasicos locales<\/strong>. Esta experiencia inmersiva te llevar\u00e1 en un <strong>viaje cultural<\/strong> a trav\u00e9s de la historia, el sonido y el alma de Escocia.<\/p>\n<\/div>\n<\/div>\n\n\n\n<hr class=\"wp-block-separator alignwide has-text-color has-light-gray-color has-alpha-channel-opacity has-light-gray-background-color has-background is-style-wide\" \/>\n\n\n\n<div style=\"height:59px\" aria-hidden=\"true\" class=\"wp-block-spacer\"><\/div>\n\n\n\n<h3 class=\"wp-block-heading has-text-color has-link-color has-montserrat-font-family wp-elements-dfad2b384312e03fcb47aad81399e76c\" style=\"color:#005084;font-style:normal;font-weight:500\">\ud83c\udfb6 UNA C\u00c1LIDA BIENVENIDA<\/h3>\n\n\n\n<div style=\"height:26px\" aria-hidden=\"true\" class=\"wp-block-spacer\"><\/div>\n\n\n\n<p class=\"has-black-color has-text-color has-link-color has-montserrat-font-family wp-elements-7a297489905799d96e3fbc0ce63910bb\">Tu velada comienza con el emocionante sonido de las <strong>gaitas escocesas <\/strong>mientras un <strong>gaitero vestido con el traje tradicional te da la bienvenida<\/strong>. Tambi\u00e9n tendr\u00e1s la oportunidad de capturar el momento en nuestro divertido <strong>photocall, <\/strong>perfecto para crear recuerdos inolvidables.<\/p>\n\n\n\n<div style=\"height:26px\" aria-hidden=\"true\" class=\"wp-block-spacer\"><\/div>\n\n\n\n<h3 class=\"wp-block-heading has-text-color has-link-color has-montserrat-font-family wp-elements-44339ea983e8ed720f33f1c8ed41e3e5\" style=\"color:#005084;font-style:normal;font-weight:500\">\ud83c\udf7d\ufe0f UNA CENA ESCOCESA TRADICIONAL<\/h3>\n\n\n\n<div style=\"height:26px\" aria-hidden=\"true\" class=\"wp-block-spacer\"><\/div>\n\n\n\n<p class=\"has-black-color has-text-color has-link-color has-montserrat-font-family wp-elements-e826fda95777bf06ba337da1a3bfb523\">Despu\u00e9s de la recepci\u00f3n, ser\u00e1s guiado a nuestro comedor donde te espera un <strong>men\u00fa<\/strong> cuidadosamente preparado. La comida de tres platos incluye dos platos tradicionales y un postre, cada uno ofreciendo un aut\u00e9ntico sabor de la <strong>gastronom\u00eda escocesa<\/strong>. Se incluye una <strong>bebida<\/strong> para acompa\u00f1ar tu comida.<\/p>\n\n\n\n<div style=\"height:26px\" aria-hidden=\"true\" class=\"wp-block-spacer\"><\/div>\n\n\n\n<h3 class=\"wp-block-heading has-text-color has-link-color wp-elements-618b00727bb77d769e5297a72b1ff44f\" style=\"color:#005084;font-style:normal;font-weight:500\">\ud83c\udfbb concierto de m\u00fasica folk<\/h3>\n\n\n\n<div style=\"height:26px\" aria-hidden=\"true\" class=\"wp-block-spacer\"><\/div>\n\n\n\n<p class=\"has-black-color has-text-color has-link-color has-montserrat-font-family wp-elements-4aad3fdb1549c25ef690a2382a13ccea\">Durante la cena, ser\u00e1s acompa\u00f1ado por <strong>dos m\u00fasicos locales <\/strong>de folk que te guiar\u00e1n por el fascinante mundo de la <strong>m\u00fasica folk escocesa <\/strong>\u2014 desde emotivas baladas hasta animados reels tradicionales. Junto con la m\u00fasica, conocer\u00e1s las historias y los significados detr\u00e1s de las canciones que han moldeado la identidad escocesa.<\/p>\n\n\n\n<div style=\"height:26px\" aria-hidden=\"true\" class=\"wp-block-spacer\"><\/div>\n\n\n\n<h3 class=\"wp-block-heading has-text-color has-link-color wp-elements-861a3d198b6aee1d4502d8533322cb44\" style=\"color:#005084;font-style:normal;font-weight:500\">\ud83e\udd43 un brindis con whisky<\/h3>\n\n\n\n<div style=\"height:26px\" aria-hidden=\"true\" class=\"wp-block-spacer\"><\/div>\n\n\n\n<p class=\"has-black-color has-text-color has-link-color has-montserrat-font-family wp-elements-e79e53a5c57da8c2d0ec6685fdb063a5\">Para cerrar la velada, participar\u00e1s en un <strong>brindis tradicional con whisky escoc\u00e9s<\/strong>, presentado por un experto que compartir\u00e1 su historia y significado cultural. Para quienes no beben alcohol, ofrecemos una degustaci\u00f3n de <strong>Irn Bru<\/strong>, la querida bebida nacional y un \u00edcono cultural de Escocia.<\/p>\n\n\n\n<div style=\"height:64px\" aria-hidden=\"true\" class=\"wp-block-spacer\"><\/div>\n\n\n\n<blockquote class=\"wp-block-quote is-style-default is-layout-flow wp-block-quote-is-layout-flow\">\n<p class=\"has-montserrat-font-family\"><em>Ya sea que visites Escocia por primera vez o redescubras sus ra\u00edces, esta experiencia te dejar\u00e1 con una conexi\u00f3n m\u00e1s profunda con su gente, tradiciones y esp\u00edritu.<\/em><\/p>\n<\/blockquote>\n\n\n\n<div style=\"height:94px\" aria-hidden=\"true\" class=\"wp-block-spacer\"><\/div>\n\n\n\n<div class=\"wp-block-buttons is-content-justification-center is-layout-flex wp-container-core-buttons-is-layout-a89b3969 wp-block-buttons-is-layout-flex\">\n<div class=\"wp-block-button has-custom-width wp-block-button__width-50\"><a class=\"wp-block-button__link has-background has-montserrat-font-family wp-element-button\" href=\"https:\/\/fareharbor.com\/embeds\/book\/folkandhaggis\/items\/495488\/?full-items=yes&amp;flow=1045695\" style=\"background-color:#005084;font-style:normal;font-weight:800\">\u00a1reserva ahora!<\/a><\/div>\n\n\n\n<div class=\"wp-block-button has-custom-width wp-block-button__width-50\"><a class=\"wp-block-button__link has-background has-montserrat-font-family wp-element-button\" href=\"https:\/\/folkandhaggis.com\/es\/private-scottish-dinner-folk-music-groups-events\/\" style=\"background-color:#005084;font-style:normal;font-weight:800\">\u00bfprefieres una cena privada?<\/a><\/div>\n<\/div>\n\n\n\n<div style=\"height:84px\" aria-hidden=\"true\" class=\"wp-block-spacer\"><\/div>\n","protected":false},"excerpt":{"rendered":"<p>This is an example page excerpt. An excerpt can be used to provide a summary of the full page content.<\/p>\n","protected":false},"author":1,"featured_media":2136,"parent":0,"menu_order":0,"comment_status":"open","ping_status":"open","template":"","meta":{"footnotes":""},"class_list":["post-32","page","type-page","status-publish","has-post-thumbnail","hentry"],"_links":{"self":[{"href":"https:\/\/folkandhaggis.com\/es\/wp-json\/wp\/v2\/pages\/32","targetHints":{"allow":["GET"]}}],"collection":[{"href":"https:\/\/folkandhaggis.com\/es\/wp-json\/wp\/v2\/pages"}],"about":[{"href":"https:\/\/folkandhaggis.com\/es\/wp-json\/wp\/v2\/types\/page"}],"author":[{"embeddable":true,"href":"https:\/\/folkandhaggis.com\/es\/wp-json\/wp\/v2\/users\/1"}],"replies":[{"embeddable":true,"href":"https:\/\/folkandhaggis.com\/es\/wp-json\/wp\/v2\/comments?post=32"}],"version-history":[{"count":16,"href":"https:\/\/folkandhaggis.com\/es\/wp-json\/wp\/v2\/pages\/32\/revisions"}],"predecessor-version":[{"id":2425,"href":"https:\/\/folkandhaggis.com\/es\/wp-json\/wp\/v2\/pages\/32\/revisions\/2425"}],"wp:featuredmedia":[{"embeddable":true,"href":"https:\/\/folkandhaggis.com\/es\/wp-json\/wp\/v2\/media\/2136"}],"wp:attachment":[{"href":"https:\/\/folkandhaggis.com\/es\/wp-json\/wp\/v2\/media?parent=32"}],"curies":[{"name":"wp","href":"https:\/\/api.w.org\/{rel}","templated":true}]}}