{"id":2296,"date":"2025-06-08T20:57:20","date_gmt":"2025-06-08T19:57:20","guid":{"rendered":"https:\/\/hola.folkandhaggis.com\/es\/?page_id=2296"},"modified":"2025-06-15T21:05:11","modified_gmt":"2025-06-15T20:05:11","slug":"tours-in-edinburgh","status":"publish","type":"page","link":"https:\/\/folkandhaggis.com\/es\/tours-in-edinburgh\/","title":{"rendered":"TOURS EN EDIMBURGO"},"content":{"rendered":"\n<p class=\"has-text-align-center has-montserrat-font-family\">\u00bfYa has reservado tu cena con <strong>Folk and Haggis<\/strong>?<br>Completa tu d\u00eda con uno de los<strong> tours de Timeless Edinburgh,<\/strong> nuestro otro proyecto.<\/p>\n\n\n\n<p class=\"has-text-align-center has-montserrat-font-family\">Ofrecemos <strong>tours privados y p\u00fablicos<\/strong> por la hermosa ciudad de <strong>Edimburgo y pueblos de su alrededor,<\/strong> perfectos para explorar a tu propio ritmo o conocer a otros viajeros.<\/p>\n\n\n\n<div style=\"height:46px\" aria-hidden=\"true\" class=\"wp-block-spacer\"><\/div>\n\n\n\n<div class=\"wp-block-group alignfull is-nowrap is-layout-flex wp-container-core-group-is-layout-480db3c4 wp-block-group-is-layout-flex\" style=\"margin-top:0;margin-bottom:0\">\n<figure data-wp-context=\"{&quot;imageId&quot;:&quot;69d6e73a679f4&quot;}\" data-wp-interactive=\"core\/image\" class=\"wp-block-image size-full has-custom-border wp-container-content-b0223bd5 wp-lightbox-container\"><img loading=\"lazy\" decoding=\"async\" width=\"2560\" height=\"1920\" data-wp-class--hide=\"state.isContentHidden\" data-wp-class--show=\"state.isContentVisible\" data-wp-init=\"callbacks.setButtonStyles\" data-wp-on-async--click=\"actions.showLightbox\" data-wp-on-async--load=\"callbacks.setButtonStyles\" data-wp-on-async-window--resize=\"callbacks.setButtonStyles\" src=\"https:\/\/hola.folkandhaggis.com\/es\/wp-content\/uploads\/sites\/2\/2025\/06\/IMG_20211009_152213-scaled.jpg\" alt=\"\" class=\"has-border-color wp-image-2301\" style=\"border-color:#005084;border-width:5px;aspect-ratio:1;object-fit:cover\" srcset=\"https:\/\/folkandhaggis.com\/es\/wp-content\/uploads\/sites\/2\/2025\/06\/IMG_20211009_152213-scaled.jpg 2560w, https:\/\/folkandhaggis.com\/es\/wp-content\/uploads\/sites\/2\/2025\/06\/IMG_20211009_152213-300x225.jpg 300w, https:\/\/folkandhaggis.com\/es\/wp-content\/uploads\/sites\/2\/2025\/06\/IMG_20211009_152213-1024x768.jpg 1024w, https:\/\/folkandhaggis.com\/es\/wp-content\/uploads\/sites\/2\/2025\/06\/IMG_20211009_152213-768x576.jpg 768w, https:\/\/folkandhaggis.com\/es\/wp-content\/uploads\/sites\/2\/2025\/06\/IMG_20211009_152213-1536x1152.jpg 1536w, https:\/\/folkandhaggis.com\/es\/wp-content\/uploads\/sites\/2\/2025\/06\/IMG_20211009_152213-2048x1536.jpg 2048w\" sizes=\"auto, (max-width: 2560px) 100vw, 2560px\" \/><button\n\t\t\tclass=\"lightbox-trigger\"\n\t\t\ttype=\"button\"\n\t\t\taria-haspopup=\"dialog\"\n\t\t\taria-label=\"Agrandar\"\n\t\t\tdata-wp-init=\"callbacks.initTriggerButton\"\n\t\t\tdata-wp-on-async--click=\"actions.showLightbox\"\n\t\t\tdata-wp-style--right=\"state.imageButtonRight\"\n\t\t\tdata-wp-style--top=\"state.imageButtonTop\"\n\t\t>\n\t\t\t<svg xmlns=\"http:\/\/www.w3.org\/2000\/svg\" width=\"12\" height=\"12\" fill=\"none\" viewBox=\"0 0 12 12\">\n\t\t\t\t<path fill=\"#fff\" d=\"M2 0a2 2 0 0 0-2 2v2h1.5V2a.5.5 0 0 1 .5-.5h2V0H2Zm2 10.5H2a.5.5 0 0 1-.5-.5V8H0v2a2 2 0 0 0 2 2h2v-1.5ZM8 12v-1.5h2a.5.5 0 0 0 .5-.5V8H12v2a2 2 0 0 1-2 2H8Zm2-12a2 2 0 0 1 2 2v2h-1.5V2a.5.5 0 0 0-.5-.5H8V0h2Z\" \/>\n\t\t\t<\/svg>\n\t\t<\/button><\/figure>\n\n\n\n<figure data-wp-context=\"{&quot;imageId&quot;:&quot;69d6e73a67e93&quot;}\" data-wp-interactive=\"core\/image\" class=\"wp-block-image size-full has-custom-border wp-container-content-b0223bd5 wp-lightbox-container\"><img loading=\"lazy\" decoding=\"async\" width=\"1954\" height=\"2560\" data-wp-class--hide=\"state.isContentHidden\" data-wp-class--show=\"state.isContentVisible\" data-wp-init=\"callbacks.setButtonStyles\" data-wp-on-async--click=\"actions.showLightbox\" data-wp-on-async--load=\"callbacks.setButtonStyles\" data-wp-on-async-window--resize=\"callbacks.setButtonStyles\" src=\"https:\/\/hola.folkandhaggis.com\/es\/wp-content\/uploads\/sites\/2\/2025\/06\/PXL_20230406_1650165632-scaled.jpg\" alt=\"\" class=\"has-border-color wp-image-2302\" style=\"border-color:#005084;border-width:5px;aspect-ratio:1;object-fit:cover\" srcset=\"https:\/\/folkandhaggis.com\/es\/wp-content\/uploads\/sites\/2\/2025\/06\/PXL_20230406_1650165632-scaled.jpg 1954w, https:\/\/folkandhaggis.com\/es\/wp-content\/uploads\/sites\/2\/2025\/06\/PXL_20230406_1650165632-229x300.jpg 229w, https:\/\/folkandhaggis.com\/es\/wp-content\/uploads\/sites\/2\/2025\/06\/PXL_20230406_1650165632-782x1024.jpg 782w, https:\/\/folkandhaggis.com\/es\/wp-content\/uploads\/sites\/2\/2025\/06\/PXL_20230406_1650165632-768x1006.jpg 768w, https:\/\/folkandhaggis.com\/es\/wp-content\/uploads\/sites\/2\/2025\/06\/PXL_20230406_1650165632-1173x1536.jpg 1173w, https:\/\/folkandhaggis.com\/es\/wp-content\/uploads\/sites\/2\/2025\/06\/PXL_20230406_1650165632-1563x2048.jpg 1563w\" sizes=\"auto, (max-width: 1954px) 100vw, 1954px\" \/><button\n\t\t\tclass=\"lightbox-trigger\"\n\t\t\ttype=\"button\"\n\t\t\taria-haspopup=\"dialog\"\n\t\t\taria-label=\"Agrandar\"\n\t\t\tdata-wp-init=\"callbacks.initTriggerButton\"\n\t\t\tdata-wp-on-async--click=\"actions.showLightbox\"\n\t\t\tdata-wp-style--right=\"state.imageButtonRight\"\n\t\t\tdata-wp-style--top=\"state.imageButtonTop\"\n\t\t>\n\t\t\t<svg xmlns=\"http:\/\/www.w3.org\/2000\/svg\" width=\"12\" height=\"12\" fill=\"none\" viewBox=\"0 0 12 12\">\n\t\t\t\t<path fill=\"#fff\" d=\"M2 0a2 2 0 0 0-2 2v2h1.5V2a.5.5 0 0 1 .5-.5h2V0H2Zm2 10.5H2a.5.5 0 0 1-.5-.5V8H0v2a2 2 0 0 0 2 2h2v-1.5ZM8 12v-1.5h2a.5.5 0 0 0 .5-.5V8H12v2a2 2 0 0 1-2 2H8Zm2-12a2 2 0 0 1 2 2v2h-1.5V2a.5.5 0 0 0-.5-.5H8V0h2Z\" \/>\n\t\t\t<\/svg>\n\t\t<\/button><\/figure>\n\n\n\n<figure data-wp-context=\"{&quot;imageId&quot;:&quot;69d6e73a682b6&quot;}\" data-wp-interactive=\"core\/image\" class=\"wp-block-image size-full has-custom-border wp-container-content-b0223bd5 wp-lightbox-container\"><img loading=\"lazy\" decoding=\"async\" width=\"1920\" height=\"2560\" data-wp-class--hide=\"state.isContentHidden\" data-wp-class--show=\"state.isContentVisible\" data-wp-init=\"callbacks.setButtonStyles\" data-wp-on-async--click=\"actions.showLightbox\" data-wp-on-async--load=\"callbacks.setButtonStyles\" data-wp-on-async-window--resize=\"callbacks.setButtonStyles\" src=\"https:\/\/hola.folkandhaggis.com\/es\/wp-content\/uploads\/sites\/2\/2025\/06\/IMG_20210807_162035-scaled.jpg\" alt=\"\" class=\"has-border-color wp-image-2303\" style=\"border-color:#005084;border-width:5px;aspect-ratio:1;object-fit:cover\" srcset=\"https:\/\/folkandhaggis.com\/es\/wp-content\/uploads\/sites\/2\/2025\/06\/IMG_20210807_162035-scaled.jpg 1920w, https:\/\/folkandhaggis.com\/es\/wp-content\/uploads\/sites\/2\/2025\/06\/IMG_20210807_162035-225x300.jpg 225w, https:\/\/folkandhaggis.com\/es\/wp-content\/uploads\/sites\/2\/2025\/06\/IMG_20210807_162035-768x1024.jpg 768w, https:\/\/folkandhaggis.com\/es\/wp-content\/uploads\/sites\/2\/2025\/06\/IMG_20210807_162035-1152x1536.jpg 1152w, https:\/\/folkandhaggis.com\/es\/wp-content\/uploads\/sites\/2\/2025\/06\/IMG_20210807_162035-1536x2048.jpg 1536w\" sizes=\"auto, (max-width: 1920px) 100vw, 1920px\" \/><button\n\t\t\tclass=\"lightbox-trigger\"\n\t\t\ttype=\"button\"\n\t\t\taria-haspopup=\"dialog\"\n\t\t\taria-label=\"Agrandar\"\n\t\t\tdata-wp-init=\"callbacks.initTriggerButton\"\n\t\t\tdata-wp-on-async--click=\"actions.showLightbox\"\n\t\t\tdata-wp-style--right=\"state.imageButtonRight\"\n\t\t\tdata-wp-style--top=\"state.imageButtonTop\"\n\t\t>\n\t\t\t<svg xmlns=\"http:\/\/www.w3.org\/2000\/svg\" width=\"12\" height=\"12\" fill=\"none\" viewBox=\"0 0 12 12\">\n\t\t\t\t<path fill=\"#fff\" d=\"M2 0a2 2 0 0 0-2 2v2h1.5V2a.5.5 0 0 1 .5-.5h2V0H2Zm2 10.5H2a.5.5 0 0 1-.5-.5V8H0v2a2 2 0 0 0 2 2h2v-1.5ZM8 12v-1.5h2a.5.5 0 0 0 .5-.5V8H12v2a2 2 0 0 1-2 2H8Zm2-12a2 2 0 0 1 2 2v2h-1.5V2a.5.5 0 0 0-.5-.5H8V0h2Z\" \/>\n\t\t\t<\/svg>\n\t\t<\/button><\/figure>\n\n\n\n<figure data-wp-context=\"{&quot;imageId&quot;:&quot;69d6e73a686d9&quot;}\" data-wp-interactive=\"core\/image\" class=\"wp-block-image size-full has-custom-border wp-container-content-b0223bd5 wp-lightbox-container\"><img loading=\"lazy\" decoding=\"async\" width=\"1905\" height=\"2048\" data-wp-class--hide=\"state.isContentHidden\" data-wp-class--show=\"state.isContentVisible\" data-wp-init=\"callbacks.setButtonStyles\" data-wp-on-async--click=\"actions.showLightbox\" data-wp-on-async--load=\"callbacks.setButtonStyles\" data-wp-on-async-window--resize=\"callbacks.setButtonStyles\" src=\"https:\/\/hola.folkandhaggis.com\/es\/wp-content\/uploads\/sites\/2\/2025\/06\/WhatsApp-Image-2025-05-18-at-20.43.53-3.jpeg\" alt=\"\" class=\"has-border-color wp-image-2304\" style=\"border-color:#005084;border-width:5px;aspect-ratio:1;object-fit:cover\" srcset=\"https:\/\/folkandhaggis.com\/es\/wp-content\/uploads\/sites\/2\/2025\/06\/WhatsApp-Image-2025-05-18-at-20.43.53-3.jpeg 1905w, https:\/\/folkandhaggis.com\/es\/wp-content\/uploads\/sites\/2\/2025\/06\/WhatsApp-Image-2025-05-18-at-20.43.53-3-279x300.jpeg 279w, https:\/\/folkandhaggis.com\/es\/wp-content\/uploads\/sites\/2\/2025\/06\/WhatsApp-Image-2025-05-18-at-20.43.53-3-953x1024.jpeg 953w, https:\/\/folkandhaggis.com\/es\/wp-content\/uploads\/sites\/2\/2025\/06\/WhatsApp-Image-2025-05-18-at-20.43.53-3-768x826.jpeg 768w, https:\/\/folkandhaggis.com\/es\/wp-content\/uploads\/sites\/2\/2025\/06\/WhatsApp-Image-2025-05-18-at-20.43.53-3-1429x1536.jpeg 1429w\" sizes=\"auto, (max-width: 1905px) 100vw, 1905px\" \/><button\n\t\t\tclass=\"lightbox-trigger\"\n\t\t\ttype=\"button\"\n\t\t\taria-haspopup=\"dialog\"\n\t\t\taria-label=\"Agrandar\"\n\t\t\tdata-wp-init=\"callbacks.initTriggerButton\"\n\t\t\tdata-wp-on-async--click=\"actions.showLightbox\"\n\t\t\tdata-wp-style--right=\"state.imageButtonRight\"\n\t\t\tdata-wp-style--top=\"state.imageButtonTop\"\n\t\t>\n\t\t\t<svg xmlns=\"http:\/\/www.w3.org\/2000\/svg\" width=\"12\" height=\"12\" fill=\"none\" viewBox=\"0 0 12 12\">\n\t\t\t\t<path fill=\"#fff\" d=\"M2 0a2 2 0 0 0-2 2v2h1.5V2a.5.5 0 0 1 .5-.5h2V0H2Zm2 10.5H2a.5.5 0 0 1-.5-.5V8H0v2a2 2 0 0 0 2 2h2v-1.5ZM8 12v-1.5h2a.5.5 0 0 0 .5-.5V8H12v2a2 2 0 0 1-2 2H8Zm2-12a2 2 0 0 1 2 2v2h-1.5V2a.5.5 0 0 0-.5-.5H8V0h2Z\" \/>\n\t\t\t<\/svg>\n\t\t<\/button><\/figure>\n<\/div>\n\n\n\n<div style=\"height:46px\" aria-hidden=\"true\" class=\"wp-block-spacer\"><\/div>\n\n\n\n<p class=\"has-text-align-center has-montserrat-font-family\">Pero no te quedes ah\u00ed, descubre a\u00fan m\u00e1s con nuestras emocionantes <strong>excursiones fuera de la ciudad<\/strong>, que incluyen <strong>paseos en barco a la Isla Inchcolm<\/strong>, visitas al <strong>Palacio de Linlithgow<\/strong>, lugar de nacimiento de Mar\u00eda Estuardo, Reina de Escocia, y excursiones de un d\u00eda a la vibrante ciudad de <strong>Glasgow<\/strong>.<\/p>\n\n\n\n<div style=\"height:46px\" aria-hidden=\"true\" class=\"wp-block-spacer\"><\/div>\n\n\n\n<div class=\"wp-block-group alignfull is-nowrap is-layout-flex wp-container-core-group-is-layout-480db3c4 wp-block-group-is-layout-flex\" style=\"margin-top:0;margin-bottom:0\">\n<figure data-wp-context=\"{&quot;imageId&quot;:&quot;69d6e73a68f46&quot;}\" data-wp-interactive=\"core\/image\" class=\"wp-block-image size-full has-custom-border wp-container-content-b0223bd5 wp-lightbox-container\"><img loading=\"lazy\" decoding=\"async\" width=\"2048\" height=\"1364\" data-wp-class--hide=\"state.isContentHidden\" data-wp-class--show=\"state.isContentVisible\" data-wp-init=\"callbacks.setButtonStyles\" data-wp-on-async--click=\"actions.showLightbox\" data-wp-on-async--load=\"callbacks.setButtonStyles\" data-wp-on-async-window--resize=\"callbacks.setButtonStyles\" src=\"https:\/\/hola.folkandhaggis.com\/es\/wp-content\/uploads\/sites\/2\/2025\/06\/Diseno-sin-titulo-11.jpg\" alt=\"\" class=\"has-border-color wp-image-2307\" style=\"border-color:#005084;border-width:5px;aspect-ratio:1;object-fit:cover\" srcset=\"https:\/\/folkandhaggis.com\/es\/wp-content\/uploads\/sites\/2\/2025\/06\/Diseno-sin-titulo-11.jpg 2048w, https:\/\/folkandhaggis.com\/es\/wp-content\/uploads\/sites\/2\/2025\/06\/Diseno-sin-titulo-11-300x200.jpg 300w, https:\/\/folkandhaggis.com\/es\/wp-content\/uploads\/sites\/2\/2025\/06\/Diseno-sin-titulo-11-1024x682.jpg 1024w, https:\/\/folkandhaggis.com\/es\/wp-content\/uploads\/sites\/2\/2025\/06\/Diseno-sin-titulo-11-768x512.jpg 768w, https:\/\/folkandhaggis.com\/es\/wp-content\/uploads\/sites\/2\/2025\/06\/Diseno-sin-titulo-11-1536x1023.jpg 1536w\" sizes=\"auto, (max-width: 2048px) 100vw, 2048px\" \/><button\n\t\t\tclass=\"lightbox-trigger\"\n\t\t\ttype=\"button\"\n\t\t\taria-haspopup=\"dialog\"\n\t\t\taria-label=\"Agrandar\"\n\t\t\tdata-wp-init=\"callbacks.initTriggerButton\"\n\t\t\tdata-wp-on-async--click=\"actions.showLightbox\"\n\t\t\tdata-wp-style--right=\"state.imageButtonRight\"\n\t\t\tdata-wp-style--top=\"state.imageButtonTop\"\n\t\t>\n\t\t\t<svg xmlns=\"http:\/\/www.w3.org\/2000\/svg\" width=\"12\" height=\"12\" fill=\"none\" viewBox=\"0 0 12 12\">\n\t\t\t\t<path fill=\"#fff\" d=\"M2 0a2 2 0 0 0-2 2v2h1.5V2a.5.5 0 0 1 .5-.5h2V0H2Zm2 10.5H2a.5.5 0 0 1-.5-.5V8H0v2a2 2 0 0 0 2 2h2v-1.5ZM8 12v-1.5h2a.5.5 0 0 0 .5-.5V8H12v2a2 2 0 0 1-2 2H8Zm2-12a2 2 0 0 1 2 2v2h-1.5V2a.5.5 0 0 0-.5-.5H8V0h2Z\" \/>\n\t\t\t<\/svg>\n\t\t<\/button><\/figure>\n\n\n\n<figure data-wp-context=\"{&quot;imageId&quot;:&quot;69d6e73a69345&quot;}\" data-wp-interactive=\"core\/image\" class=\"wp-block-image size-full has-custom-border wp-container-content-b0223bd5 wp-lightbox-container\"><img loading=\"lazy\" decoding=\"async\" width=\"1080\" height=\"1080\" data-wp-class--hide=\"state.isContentHidden\" data-wp-class--show=\"state.isContentVisible\" data-wp-init=\"callbacks.setButtonStyles\" data-wp-on-async--click=\"actions.showLightbox\" data-wp-on-async--load=\"callbacks.setButtonStyles\" data-wp-on-async-window--resize=\"callbacks.setButtonStyles\" src=\"https:\/\/hola.folkandhaggis.com\/es\/wp-content\/uploads\/sites\/2\/2025\/06\/FOTOS-QUADRADES-1.png\" alt=\"\" class=\"has-border-color wp-image-2308\" style=\"border-color:#005084;border-width:5px;aspect-ratio:1;object-fit:cover\" srcset=\"https:\/\/folkandhaggis.com\/es\/wp-content\/uploads\/sites\/2\/2025\/06\/FOTOS-QUADRADES-1.png 1080w, https:\/\/folkandhaggis.com\/es\/wp-content\/uploads\/sites\/2\/2025\/06\/FOTOS-QUADRADES-1-300x300.png 300w, https:\/\/folkandhaggis.com\/es\/wp-content\/uploads\/sites\/2\/2025\/06\/FOTOS-QUADRADES-1-1024x1024.png 1024w, https:\/\/folkandhaggis.com\/es\/wp-content\/uploads\/sites\/2\/2025\/06\/FOTOS-QUADRADES-1-150x150.png 150w, https:\/\/folkandhaggis.com\/es\/wp-content\/uploads\/sites\/2\/2025\/06\/FOTOS-QUADRADES-1-768x768.png 768w\" sizes=\"auto, (max-width: 1080px) 100vw, 1080px\" \/><button\n\t\t\tclass=\"lightbox-trigger\"\n\t\t\ttype=\"button\"\n\t\t\taria-haspopup=\"dialog\"\n\t\t\taria-label=\"Agrandar\"\n\t\t\tdata-wp-init=\"callbacks.initTriggerButton\"\n\t\t\tdata-wp-on-async--click=\"actions.showLightbox\"\n\t\t\tdata-wp-style--right=\"state.imageButtonRight\"\n\t\t\tdata-wp-style--top=\"state.imageButtonTop\"\n\t\t>\n\t\t\t<svg xmlns=\"http:\/\/www.w3.org\/2000\/svg\" width=\"12\" height=\"12\" fill=\"none\" viewBox=\"0 0 12 12\">\n\t\t\t\t<path fill=\"#fff\" d=\"M2 0a2 2 0 0 0-2 2v2h1.5V2a.5.5 0 0 1 .5-.5h2V0H2Zm2 10.5H2a.5.5 0 0 1-.5-.5V8H0v2a2 2 0 0 0 2 2h2v-1.5ZM8 12v-1.5h2a.5.5 0 0 0 .5-.5V8H12v2a2 2 0 0 1-2 2H8Zm2-12a2 2 0 0 1 2 2v2h-1.5V2a.5.5 0 0 0-.5-.5H8V0h2Z\" \/>\n\t\t\t<\/svg>\n\t\t<\/button><\/figure>\n\n\n\n<figure data-wp-context=\"{&quot;imageId&quot;:&quot;69d6e73a6973a&quot;}\" data-wp-interactive=\"core\/image\" class=\"wp-block-image size-full has-custom-border wp-container-content-b0223bd5 wp-lightbox-container\"><img loading=\"lazy\" decoding=\"async\" width=\"2000\" height=\"1500\" data-wp-class--hide=\"state.isContentHidden\" data-wp-class--show=\"state.isContentVisible\" data-wp-init=\"callbacks.setButtonStyles\" data-wp-on-async--click=\"actions.showLightbox\" data-wp-on-async--load=\"callbacks.setButtonStyles\" data-wp-on-async-window--resize=\"callbacks.setButtonStyles\" src=\"https:\/\/hola.folkandhaggis.com\/es\/wp-content\/uploads\/sites\/2\/2025\/06\/1000020359.jpg\" alt=\"\" class=\"has-border-color wp-image-2309\" style=\"border-color:#005084;border-width:5px;aspect-ratio:1;object-fit:cover\" srcset=\"https:\/\/folkandhaggis.com\/es\/wp-content\/uploads\/sites\/2\/2025\/06\/1000020359.jpg 2000w, https:\/\/folkandhaggis.com\/es\/wp-content\/uploads\/sites\/2\/2025\/06\/1000020359-300x225.jpg 300w, https:\/\/folkandhaggis.com\/es\/wp-content\/uploads\/sites\/2\/2025\/06\/1000020359-1024x768.jpg 1024w, https:\/\/folkandhaggis.com\/es\/wp-content\/uploads\/sites\/2\/2025\/06\/1000020359-768x576.jpg 768w, https:\/\/folkandhaggis.com\/es\/wp-content\/uploads\/sites\/2\/2025\/06\/1000020359-1536x1152.jpg 1536w\" sizes=\"auto, (max-width: 2000px) 100vw, 2000px\" \/><button\n\t\t\tclass=\"lightbox-trigger\"\n\t\t\ttype=\"button\"\n\t\t\taria-haspopup=\"dialog\"\n\t\t\taria-label=\"Agrandar\"\n\t\t\tdata-wp-init=\"callbacks.initTriggerButton\"\n\t\t\tdata-wp-on-async--click=\"actions.showLightbox\"\n\t\t\tdata-wp-style--right=\"state.imageButtonRight\"\n\t\t\tdata-wp-style--top=\"state.imageButtonTop\"\n\t\t>\n\t\t\t<svg xmlns=\"http:\/\/www.w3.org\/2000\/svg\" width=\"12\" height=\"12\" fill=\"none\" viewBox=\"0 0 12 12\">\n\t\t\t\t<path fill=\"#fff\" d=\"M2 0a2 2 0 0 0-2 2v2h1.5V2a.5.5 0 0 1 .5-.5h2V0H2Zm2 10.5H2a.5.5 0 0 1-.5-.5V8H0v2a2 2 0 0 0 2 2h2v-1.5ZM8 12v-1.5h2a.5.5 0 0 0 .5-.5V8H12v2a2 2 0 0 1-2 2H8Zm2-12a2 2 0 0 1 2 2v2h-1.5V2a.5.5 0 0 0-.5-.5H8V0h2Z\" \/>\n\t\t\t<\/svg>\n\t\t<\/button><\/figure>\n\n\n\n<figure data-wp-context=\"{&quot;imageId&quot;:&quot;69d6e73a69b33&quot;}\" data-wp-interactive=\"core\/image\" class=\"wp-block-image size-full has-custom-border wp-container-content-b0223bd5 wp-lightbox-container\"><img loading=\"lazy\" decoding=\"async\" width=\"1080\" height=\"1080\" data-wp-class--hide=\"state.isContentHidden\" data-wp-class--show=\"state.isContentVisible\" data-wp-init=\"callbacks.setButtonStyles\" data-wp-on-async--click=\"actions.showLightbox\" data-wp-on-async--load=\"callbacks.setButtonStyles\" data-wp-on-async-window--resize=\"callbacks.setButtonStyles\" src=\"https:\/\/hola.folkandhaggis.com\/es\/wp-content\/uploads\/sites\/2\/2025\/06\/FOTOS-QUADRADES-2.png\" alt=\"\" class=\"has-border-color wp-image-2310\" style=\"border-color:#005084;border-width:5px;aspect-ratio:1;object-fit:cover\" srcset=\"https:\/\/folkandhaggis.com\/es\/wp-content\/uploads\/sites\/2\/2025\/06\/FOTOS-QUADRADES-2.png 1080w, https:\/\/folkandhaggis.com\/es\/wp-content\/uploads\/sites\/2\/2025\/06\/FOTOS-QUADRADES-2-300x300.png 300w, https:\/\/folkandhaggis.com\/es\/wp-content\/uploads\/sites\/2\/2025\/06\/FOTOS-QUADRADES-2-1024x1024.png 1024w, https:\/\/folkandhaggis.com\/es\/wp-content\/uploads\/sites\/2\/2025\/06\/FOTOS-QUADRADES-2-150x150.png 150w, https:\/\/folkandhaggis.com\/es\/wp-content\/uploads\/sites\/2\/2025\/06\/FOTOS-QUADRADES-2-768x768.png 768w\" sizes=\"auto, (max-width: 1080px) 100vw, 1080px\" \/><button\n\t\t\tclass=\"lightbox-trigger\"\n\t\t\ttype=\"button\"\n\t\t\taria-haspopup=\"dialog\"\n\t\t\taria-label=\"Agrandar\"\n\t\t\tdata-wp-init=\"callbacks.initTriggerButton\"\n\t\t\tdata-wp-on-async--click=\"actions.showLightbox\"\n\t\t\tdata-wp-style--right=\"state.imageButtonRight\"\n\t\t\tdata-wp-style--top=\"state.imageButtonTop\"\n\t\t>\n\t\t\t<svg xmlns=\"http:\/\/www.w3.org\/2000\/svg\" width=\"12\" height=\"12\" fill=\"none\" viewBox=\"0 0 12 12\">\n\t\t\t\t<path fill=\"#fff\" d=\"M2 0a2 2 0 0 0-2 2v2h1.5V2a.5.5 0 0 1 .5-.5h2V0H2Zm2 10.5H2a.5.5 0 0 1-.5-.5V8H0v2a2 2 0 0 0 2 2h2v-1.5ZM8 12v-1.5h2a.5.5 0 0 0 .5-.5V8H12v2a2 2 0 0 1-2 2H8Zm2-12a2 2 0 0 1 2 2v2h-1.5V2a.5.5 0 0 0-.5-.5H8V0h2Z\" \/>\n\t\t\t<\/svg>\n\t\t<\/button><\/figure>\n<\/div>\n\n\n\n<div style=\"height:46px\" aria-hidden=\"true\" class=\"wp-block-spacer\"><\/div>\n\n\n\n<p class=\"has-text-align-center has-montserrat-font-family\">Aprovecha al m\u00e1ximo tu visita y descubre la historia y la belleza de Escocia con <strong>Timeless Edinburgh<\/strong>.<\/p>\n\n\n\n<div style=\"height:63px\" aria-hidden=\"true\" class=\"wp-block-spacer\"><\/div>\n\n\n\n<div class=\"wp-block-buttons is-content-justification-center is-layout-flex wp-container-core-buttons-is-layout-2b4d692a wp-block-buttons-is-layout-flex\" style=\"padding-right:0;padding-left:0\">\n<div class=\"wp-block-button\"><a class=\"wp-block-button__link has-background has-montserrat-font-family wp-element-button\" href=\"https:\/\/timelessedinburgh.com\/\" style=\"background-color:#005084;font-style:normal;font-weight:800\">visita su p\u00e1gina web<\/a><\/div>\n<\/div>\n\n\n\n<div style=\"height:73px\" aria-hidden=\"true\" class=\"wp-block-spacer\"><\/div>\n","protected":false},"excerpt":{"rendered":"<p>\u00bfYa has reservado tu cena con Folk and Haggis?Completa tu d\u00eda con uno de los tours de Timeless Edinburgh, nuestro otro proyecto. Ofrecemos tours privados y p\u00fablicos por la hermosa ciudad de Edimburgo y pueblos de su alrededor, perfectos para explorar a tu propio ritmo o conocer a otros viajeros. Pero no te quedes ah\u00ed, [&hellip;]<\/p>\n","protected":false},"author":2,"featured_media":0,"parent":0,"menu_order":0,"comment_status":"closed","ping_status":"closed","template":"","meta":{"footnotes":""},"class_list":["post-2296","page","type-page","status-publish","hentry"],"_links":{"self":[{"href":"https:\/\/folkandhaggis.com\/es\/wp-json\/wp\/v2\/pages\/2296","targetHints":{"allow":["GET"]}}],"collection":[{"href":"https:\/\/folkandhaggis.com\/es\/wp-json\/wp\/v2\/pages"}],"about":[{"href":"https:\/\/folkandhaggis.com\/es\/wp-json\/wp\/v2\/types\/page"}],"author":[{"embeddable":true,"href":"https:\/\/folkandhaggis.com\/es\/wp-json\/wp\/v2\/users\/2"}],"replies":[{"embeddable":true,"href":"https:\/\/folkandhaggis.com\/es\/wp-json\/wp\/v2\/comments?post=2296"}],"version-history":[{"count":7,"href":"https:\/\/folkandhaggis.com\/es\/wp-json\/wp\/v2\/pages\/2296\/revisions"}],"predecessor-version":[{"id":2426,"href":"https:\/\/folkandhaggis.com\/es\/wp-json\/wp\/v2\/pages\/2296\/revisions\/2426"}],"wp:attachment":[{"href":"https:\/\/folkandhaggis.com\/es\/wp-json\/wp\/v2\/media?parent=2296"}],"curies":[{"name":"wp","href":"https:\/\/api.w.org\/{rel}","templated":true}]}}