{"id":2268,"date":"2025-06-08T19:55:52","date_gmt":"2025-06-08T18:55:52","guid":{"rendered":"https:\/\/hola.folkandhaggis.com\/es\/?page_id=2268"},"modified":"2025-06-15T20:13:47","modified_gmt":"2025-06-15T19:13:47","slug":"menu","status":"publish","type":"page","link":"https:\/\/folkandhaggis.com\/es\/menu\/","title":{"rendered":"MEN\u00da"},"content":{"rendered":"\n<p class=\"has-montserrat-font-family\">Nuestro men\u00fa est\u00e1 inspirado en platos tradicionales escoceses, con favoritos locales como el <strong>haggis <\/strong>y el <strong>cullen skink<\/strong>. Nos enorgullece ofrecer versiones <strong>vegetarianas y veganas,<\/strong> para que todos puedan disfrutar del sabor de Escocia.<\/p>\n\n\n\n<p class=\"has-montserrat-font-family\">Tambi\u00e9n contamos con un <strong>Men\u00fa Infantil<\/strong>, especialmente dise\u00f1ado para nuestros peque\u00f1os invitados. Incluye un <strong>peque\u00f1o regalo<\/strong> y <strong>postales para colorear,<\/strong> que los ni\u00f1os pueden pintar durante su visita y llevarse a casa como un divertido recuerdo.<\/p>\n\n\n\n<p class=\"has-montserrat-font-family\">Puedes descargar nuestro <strong>men\u00fa completo <\/strong>en diferentes idiomas usando los enlaces a continuaci\u00f3n:<\/p>\n\n\n\n<div style=\"height:83px\" aria-hidden=\"true\" class=\"wp-block-spacer\"><\/div>\n\n\n\n<div class=\"wp-block-buttons is-content-justification-center is-layout-flex wp-container-core-buttons-is-layout-de6d9f3a wp-block-buttons-is-layout-flex\" style=\"padding-right:0;padding-left:0\">\n<div class=\"wp-block-button\"><a class=\"wp-block-button__link has-background wp-element-button\" href=\"https:\/\/hola.folkandhaggis.com\/es\/wp-content\/uploads\/sites\/2\/2025\/06\/FOLK-AND-HAGGIS-MENU-EN.pdf\" style=\"background-color:#005084\">folk and haggis menu (en)<\/a><\/div>\n<\/div>\n\n\n\n<div class=\"wp-block-buttons is-content-justification-center is-layout-flex wp-container-core-buttons-is-layout-a89b3969 wp-block-buttons-is-layout-flex\">\n<div class=\"wp-block-button\"><a class=\"wp-block-button__link has-background wp-element-button\" href=\"https:\/\/hola.folkandhaggis.com\/es\/wp-content\/uploads\/sites\/2\/2025\/06\/FOLK-AND-HAGGIS-MENU-ES.pdf\" style=\"background-color:#005084\">MEN\u00da FOLK AND HAGGIS (ES)<\/a><\/div>\n<\/div>\n\n\n\n<div class=\"wp-block-buttons is-content-justification-center is-layout-flex wp-container-core-buttons-is-layout-a89b3969 wp-block-buttons-is-layout-flex\">\n<div class=\"wp-block-button\"><a class=\"wp-block-button__link has-background wp-element-button\" href=\"https:\/\/hola.folkandhaggis.com\/es\/wp-content\/uploads\/sites\/2\/2025\/06\/FOLK-AND-HAGGIS-MENU-DE.pdf\" style=\"background-color:#005084\">Folk AND Haggis Men\u00fc (DE)<\/a><\/div>\n<\/div>\n\n\n\n<div class=\"wp-block-buttons is-content-justification-center is-layout-flex wp-container-core-buttons-is-layout-a89b3969 wp-block-buttons-is-layout-flex\">\n<div class=\"wp-block-button\"><a class=\"wp-block-button__link has-background wp-element-button\" href=\"https:\/\/hola.folkandhaggis.com\/es\/wp-content\/uploads\/sites\/2\/2025\/06\/FOLK-AND-HAGGIS-MENU-FR.pdf\" style=\"background-color:#005084\">Folk AND Haggis Menu (FR)<\/a><\/div>\n<\/div>\n\n\n\n<div class=\"wp-block-buttons is-content-justification-center is-layout-flex wp-container-core-buttons-is-layout-a89b3969 wp-block-buttons-is-layout-flex\">\n<div class=\"wp-block-button\"><a class=\"wp-block-button__link has-background wp-element-button\" href=\"https:\/\/hola.folkandhaggis.com\/es\/wp-content\/uploads\/sites\/2\/2025\/06\/FOLK-AND-HAGGIS-MENU-IT.pdf\" style=\"background-color:#005084\">Men\u00f9 Folk AND Haggis (IT)<\/a><\/div>\n<\/div>\n\n\n\n<div class=\"wp-block-buttons is-content-justification-center is-layout-flex wp-container-core-buttons-is-layout-a89b3969 wp-block-buttons-is-layout-flex\">\n<div class=\"wp-block-button\"><a class=\"wp-block-button__link has-background wp-element-button\" href=\"https:\/\/hola.folkandhaggis.com\/es\/wp-content\/uploads\/sites\/2\/2025\/06\/FOLK-AND-HAGGIS-MENU-TR.pdf\" style=\"background-color:#005084\">Folk AND Haggis Men\u00fcs\u00fc (TR)<\/a><\/div>\n<\/div>\n\n\n\n<div style=\"height:95px\" aria-hidden=\"true\" class=\"wp-block-spacer\"><\/div>\n","protected":false},"excerpt":{"rendered":"<p>Nuestro men\u00fa est\u00e1 inspirado en platos tradicionales escoceses, con favoritos locales como el haggis y el cullen skink. Nos enorgullece ofrecer versiones vegetarianas y veganas, para que todos puedan disfrutar del sabor de Escocia. Tambi\u00e9n contamos con un Men\u00fa Infantil, especialmente dise\u00f1ado para nuestros peque\u00f1os invitados. Incluye un peque\u00f1o regalo y postales para colorear, que [&hellip;]<\/p>\n","protected":false},"author":2,"featured_media":0,"parent":0,"menu_order":0,"comment_status":"closed","ping_status":"closed","template":"","meta":{"footnotes":""},"class_list":["post-2268","page","type-page","status-publish","hentry"],"_links":{"self":[{"href":"https:\/\/folkandhaggis.com\/es\/wp-json\/wp\/v2\/pages\/2268","targetHints":{"allow":["GET"]}}],"collection":[{"href":"https:\/\/folkandhaggis.com\/es\/wp-json\/wp\/v2\/pages"}],"about":[{"href":"https:\/\/folkandhaggis.com\/es\/wp-json\/wp\/v2\/types\/page"}],"author":[{"embeddable":true,"href":"https:\/\/folkandhaggis.com\/es\/wp-json\/wp\/v2\/users\/2"}],"replies":[{"embeddable":true,"href":"https:\/\/folkandhaggis.com\/es\/wp-json\/wp\/v2\/comments?post=2268"}],"version-history":[{"count":5,"href":"https:\/\/folkandhaggis.com\/es\/wp-json\/wp\/v2\/pages\/2268\/revisions"}],"predecessor-version":[{"id":2415,"href":"https:\/\/folkandhaggis.com\/es\/wp-json\/wp\/v2\/pages\/2268\/revisions\/2415"}],"wp:attachment":[{"href":"https:\/\/folkandhaggis.com\/es\/wp-json\/wp\/v2\/media?parent=2268"}],"curies":[{"name":"wp","href":"https:\/\/api.w.org\/{rel}","templated":true}]}}