{"id":2164,"date":"2025-06-06T01:08:56","date_gmt":"2025-06-06T00:08:56","guid":{"rendered":"https:\/\/hola.folkandhaggis.com\/es\/?page_id=2164"},"modified":"2025-06-15T20:35:01","modified_gmt":"2025-06-15T19:35:01","slug":"private-ceilidh-traditional-dances","status":"publish","type":"page","link":"https:\/\/folkandhaggis.com\/es\/private-ceilidh-traditional-dances\/","title":{"rendered":"CEILIDH PRIVADO: BAILES TRADICIONALES"},"content":{"rendered":"\n<div style=\"height:56px\" aria-hidden=\"true\" class=\"wp-block-spacer\"><\/div>\n\n\n\n<p class=\"has-text-align-center has-black-color has-text-color has-montserrat-font-family has-medium-large-font-size\" style=\"font-style:italic;font-weight:400\">Sum\u00e9rgete en una de las tradiciones m\u00e1s alegres e ic\u00f3nicas de Escocia: el<strong> Ceilidh<\/strong>, una velada llena de <strong>m\u00fasica, ritmo y conexi\u00f3n<\/strong>.<\/p>\n\n\n\n<div style=\"height:70px\" aria-hidden=\"true\" class=\"wp-block-spacer\"><\/div>\n\n\n\n<div style=\"height:59px\" aria-hidden=\"true\" class=\"wp-block-spacer\"><\/div>\n\n\n\n<hr class=\"wp-block-separator alignwide has-text-color has-light-gray-color has-alpha-channel-opacity has-light-gray-background-color has-background is-style-wide\" \/>\n\n\n\n<div class=\"wp-block-columns alignwide is-layout-flex wp-container-core-columns-is-layout-28f84493 wp-block-columns-is-layout-flex\">\n<div class=\"wp-block-column is-layout-flow wp-block-column-is-layout-flow\">\n<h3 class=\"wp-block-heading has-black-color has-text-color has-link-color has-montserrat-font-family wp-elements-0a0dd9c15cd7c13a82a4a43523826e23\" style=\"font-style:normal;font-weight:700\">En Folk and Haggis ofrecemos una experiencia privada de Ceilidh, dise\u00f1ada especialmente para grupos que desean disfrutar de la cultura escocesa de manera aut\u00e9ntica, en\u00e9rgica e inolvidable.<\/h3>\n<\/div>\n\n\n\n<div class=\"wp-block-column is-layout-flow wp-block-column-is-layout-flow\">\n<p class=\"has-montserrat-font-family\">Originalmente celebrados en bodas, festivales y reuniones comunitarias, los Ceilidhs re\u00fanen a las personas a trav\u00e9s de <strong>bailes tradicionales y m\u00fasica folk en vivo.<\/strong><br><\/p>\n<\/div>\n<\/div>\n\n\n\n<hr class=\"wp-block-separator alignwide has-text-color has-light-gray-color has-alpha-channel-opacity has-light-gray-background-color has-background is-style-wide\" \/>\n\n\n\n<div style=\"height:90px\" aria-hidden=\"true\" class=\"wp-block-spacer\"><\/div>\n\n\n\n<h3 class=\"wp-block-heading has-text-color has-link-color wp-elements-14ff4ac7603cff6d5889f02f5aeb0dc1\" style=\"color:#005084;font-style:normal;font-weight:600\">\ud83d\udccd Ideal PARA GRUPOS<\/h3>\n\n\n\n<div style=\"height:43px\" aria-hidden=\"true\" class=\"wp-block-spacer\"><\/div>\n\n\n\n<p class=\"has-black-color has-text-color has-link-color has-montserrat-font-family wp-elements-0f82c52ca4106e50d72bca1f216eb470\">Recibimos grupos privados de diversos tama\u00f1os \u2014 desde 15 hasta 75 personas \u2014 y trabajamos en estrecha colaboraci\u00f3n con nuestros espacios para asegurarnos de que el lugar se adapte a tus necesidades, ya sea para una celebraci\u00f3n o un evento corporativo.<\/p>\n\n\n\n<div style=\"height:43px\" aria-hidden=\"true\" class=\"wp-block-spacer\"><\/div>\n\n\n\n<h3 class=\"wp-block-heading has-text-color has-link-color has-montserrat-font-family wp-elements-8fba20bce704c31b8ac8e035e9596d19\" style=\"color:#005084;font-style:normal;font-weight:600\">\ud83c\udfb5 BIENVENIDA CON RITMO ESCOC\u00c9S<\/h3>\n\n\n\n<div style=\"height:43px\" aria-hidden=\"true\" class=\"wp-block-spacer\"><\/div>\n\n\n\n<p class=\"has-montserrat-font-family\">La velada comienza en uno de nuestros espacios colaboradores, donde un anfitri\u00f3n da la bienvenida a tu grupo. Los invitados son recibidos con animada m\u00fasica escocesa, marcando el tono para la noche que les espera.<\/p>\n\n\n\n<div style=\"height:43px\" aria-hidden=\"true\" class=\"wp-block-spacer\"><\/div>\n\n\n\n<h3 class=\"wp-block-heading has-text-color has-link-color has-montserrat-font-family wp-elements-eeab1f78b50b3197f925c6c804d357dc\" style=\"color:#005084;font-style:normal;font-weight:600\">\ud83c\udf77 REL\u00c1JATE Y DISFRUTA DE UNA COPA<\/h3>\n\n\n\n<div style=\"height:43px\" aria-hidden=\"true\" class=\"wp-block-spacer\"><\/div>\n\n\n\n<p class=\"has-montserrat-font-family\">Antes de que empiece el baile, los invitados pueden relajarse y disfrutar de la bebida que prefieran \u2014 whisky, cerveza, vino o una opci\u00f3n sin alcohol \u2014 mientras se empapan del ambiente vibrante.<\/p>\n\n\n\n<div style=\"height:43px\" aria-hidden=\"true\" class=\"wp-block-spacer\"><\/div>\n\n\n\n<h3 class=\"wp-block-heading has-text-color has-link-color has-montserrat-font-family wp-elements-c034b2fea350b04451f840f72f328f3f\" style=\"color:#005084;font-style:normal;font-weight:600\">\ud83d\udcda Introducci\u00f3n Cultural al Ceilidh<\/h3>\n\n\n\n<div style=\"height:43px\" aria-hidden=\"true\" class=\"wp-block-spacer\"><\/div>\n\n\n\n<p class=\"has-montserrat-font-family\">Los m\u00fasicos presentan la historia y el esp\u00edritu del Ceilidh, compartiendo an\u00e9cdotas y curiosidades sobre sus or\u00edgenes y su papel en la vida escocesa \u2014 desde las Highlands hasta las celebraciones urbanas de hoy en d\u00eda.<\/p>\n\n\n\n<div style=\"height:43px\" aria-hidden=\"true\" class=\"wp-block-spacer\"><\/div>\n\n\n\n<h3 class=\"wp-block-heading has-text-color has-link-color has-montserrat-font-family wp-elements-d3ca1cddd395de428350ee51e2480e6b\" style=\"color:#005084;font-style:normal;font-weight:600\">\ud83d\udd7a \u00a1Que Empiece el Baile!<\/h3>\n\n\n\n<div style=\"height:43px\" aria-hidden=\"true\" class=\"wp-block-spacer\"><\/div>\n\n\n\n<p class=\"has-montserrat-font-family\">Nuestros m\u00fasicos tambi\u00e9n act\u00faan como gu\u00edas de baile expertos, orientando a los invitados paso a paso en cada danza tradicional. No se necesita experiencia \u2014 el objetivo es divertirse, re\u00edr y dejarse llevar por el animado ritmo de la noche.<\/p>\n\n\n\n<div style=\"height:43px\" aria-hidden=\"true\" class=\"wp-block-spacer\"><\/div>\n\n\n\n<h3 class=\"wp-block-heading has-text-color has-link-color wp-elements-ac66cbfc10e14294910080a29e79c53b\" style=\"color:#005084;font-style:normal;font-weight:600\">\u23f3Duraci\u00f3n y Formato Flexibles<\/h3>\n\n\n\n<div style=\"height:43px\" aria-hidden=\"true\" class=\"wp-block-spacer\"><\/div>\n\n\n\n<p class=\"has-montserrat-font-family\">La m\u00fasica en vivo y el baile suelen durar aproximadamente<strong> 1 hora y 45 minutos<\/strong>, seguidos de m\u00fasica ambiente para que los invitados puedan relajarse y disfrutar. El horario es flexible: los eventos pueden celebrarse por la <strong>ma\u00f1ana<\/strong> o por la <strong>tarde, <\/strong>cualquier d\u00eda de la semana, seg\u00fan las <strong>necesidades de tu grupo<\/strong>.<\/p>\n\n\n\n<div style=\"height:43px\" aria-hidden=\"true\" class=\"wp-block-spacer\"><\/div>\n\n\n\n<h3 class=\"wp-block-heading has-text-color has-link-color has-montserrat-font-family wp-elements-90760cbbb6623e16e71fa6655da4cecb\" style=\"color:#005084;font-style:normal;font-weight:600\">\ud83d\udeb6 COORDINACI\u00d3N FLUIDA<\/h3>\n\n\n\n<div style=\"height:43px\" aria-hidden=\"true\" class=\"wp-block-spacer\"><\/div>\n\n\n\n<p class=\"has-montserrat-font-family\">Al finalizar la experiencia, nuestro coordinador acompa\u00f1ar\u00e1 al grupo a su siguiente destino, previamente acordado con nuestros socios de confianza. Si tu grupo tambi\u00e9n ha reservado nuestra Cena Escocesa con M\u00fasica Folk, tu gu\u00eda te conducir\u00e1 al restaurante donde comenzar\u00e1 la segunda parte de la experiencia.<\/p>\n\n\n\n<div style=\"height:43px\" aria-hidden=\"true\" class=\"wp-block-spacer\"><\/div>\n\n\n\n<h3 class=\"wp-block-heading has-text-color has-link-color has-montserrat-font-family wp-elements-72127f8e20b6346c83dfd4a0514f195f\" style=\"color:#005084;font-style:normal;font-weight:600\">\ud83c\udf1f UNA CELEBRACI\u00d3N INOLVIDABLE<\/h3>\n\n\n\n<div style=\"height:43px\" aria-hidden=\"true\" class=\"wp-block-spacer\"><\/div>\n\n\n\n<p class=\"has-montserrat-font-family\">Vive el coraz\u00f3n de Escocia a trav\u00e9s de su baile, m\u00fasica y risas \u2014 una noche de <strong>Ceilidh<\/strong> dise\u00f1ada para la conexi\u00f3n, la celebraci\u00f3n y momentos inolvidables compartidos con tu grupo.<\/p>\n\n\n\n<div style=\"height:43px\" aria-hidden=\"true\" class=\"wp-block-spacer\"><\/div>\n\n\n\n<blockquote class=\"wp-block-quote is-style-default is-layout-flow wp-block-quote-is-layout-flow\">\n<p><\/p>\n<\/blockquote>\n\n\n\n<div class=\"wp-block-buttons is-content-justification-center is-layout-flex wp-container-core-buttons-is-layout-a89b3969 wp-block-buttons-is-layout-flex\">\n<div class=\"wp-block-button has-custom-width wp-block-button__width-50\"><a class=\"wp-block-button__link has-background has-montserrat-font-family wp-element-button\" href=\"https:\/\/folkandhaggis.com\/es\/contact-us-groups\/\" style=\"background-color:#005084;font-style:normal;font-weight:800\">CONTACTA CON NOSOTROS<\/a><\/div>\n<\/div>\n\n\n\n<div style=\"height:56px\" aria-hidden=\"true\" class=\"wp-block-spacer\"><\/div>\n","protected":false},"excerpt":{"rendered":"<p>This is an example page excerpt. An excerpt can be used to provide a summary of the full page content.<\/p>\n","protected":false},"author":1,"featured_media":0,"parent":0,"menu_order":0,"comment_status":"open","ping_status":"open","template":"","meta":{"footnotes":""},"class_list":["post-2164","page","type-page","status-publish","hentry"],"_links":{"self":[{"href":"https:\/\/folkandhaggis.com\/es\/wp-json\/wp\/v2\/pages\/2164","targetHints":{"allow":["GET"]}}],"collection":[{"href":"https:\/\/folkandhaggis.com\/es\/wp-json\/wp\/v2\/pages"}],"about":[{"href":"https:\/\/folkandhaggis.com\/es\/wp-json\/wp\/v2\/types\/page"}],"author":[{"embeddable":true,"href":"https:\/\/folkandhaggis.com\/es\/wp-json\/wp\/v2\/users\/1"}],"replies":[{"embeddable":true,"href":"https:\/\/folkandhaggis.com\/es\/wp-json\/wp\/v2\/comments?post=2164"}],"version-history":[{"count":6,"href":"https:\/\/folkandhaggis.com\/es\/wp-json\/wp\/v2\/pages\/2164\/revisions"}],"predecessor-version":[{"id":2420,"href":"https:\/\/folkandhaggis.com\/es\/wp-json\/wp\/v2\/pages\/2164\/revisions\/2420"}],"wp:attachment":[{"href":"https:\/\/folkandhaggis.com\/es\/wp-json\/wp\/v2\/media?parent=2164"}],"curies":[{"name":"wp","href":"https:\/\/api.w.org\/{rel}","templated":true}]}}