{"id":2159,"date":"2025-06-06T00:48:33","date_gmt":"2025-06-05T23:48:33","guid":{"rendered":"https:\/\/hola.folkandhaggis.com\/es\/?page_id=2159"},"modified":"2025-06-15T20:51:11","modified_gmt":"2025-06-15T19:51:11","slug":"private-scottish-dinner-folk-music-groups-events","status":"publish","type":"page","link":"https:\/\/folkandhaggis.com\/es\/private-scottish-dinner-folk-music-groups-events\/","title":{"rendered":"CENA ESCOCESA PRIVADA Y M\u00daSICA FOLK (GRUPOS Y EVENTOS)"},"content":{"rendered":"\n<div style=\"height:56px\" aria-hidden=\"true\" class=\"wp-block-spacer\"><\/div>\n\n\n\n<p class=\"has-text-align-center has-black-color has-text-color has-montserrat-font-family has-medium-large-font-size\" style=\"font-style:italic;font-weight:400\">\u00bfBuscas una <strong>actividad grupal \u00fanica en Edimburgo<\/strong> que combine cultura escocesa, gastronom\u00eda y m\u00fasica en vivo?<\/p>\n\n\n\n<p class=\"has-text-align-center has-black-color has-text-color has-montserrat-font-family has-medium-large-font-size\" style=\"font-style:italic;font-weight:400\">En Folk and Haggis ofrecemos <strong>cenas escocesas privadas<\/strong> dise\u00f1adas especialmente <strong>para grupos<\/strong> \u2014 ya sea que est\u00e9s organizando un evento corporativo, una celebraci\u00f3n especial o una visita en grupo.<br>Celebradas en lugares \u00edntimos y con mucho car\u00e1cter, estas veladas combinan <strong>cocina tradicional,<\/strong> <strong>m\u00fasica folk en vivo<\/strong> y <strong>narraci\u00f3n cultural <\/strong>en un ambiente verdaderamente aut\u00e9ntico.<\/p>\n\n\n\n<div style=\"height:70px\" aria-hidden=\"true\" class=\"wp-block-spacer\"><\/div>\n\n\n\n<div style=\"height:59px\" aria-hidden=\"true\" class=\"wp-block-spacer\"><\/div>\n\n\n\n<hr class=\"wp-block-separator alignwide has-text-color has-light-gray-color has-alpha-channel-opacity has-light-gray-background-color has-background is-style-wide\" \/>\n\n\n\n<div class=\"wp-block-columns alignwide is-layout-flex wp-container-core-columns-is-layout-28f84493 wp-block-columns-is-layout-flex\">\n<div class=\"wp-block-column is-layout-flow wp-block-column-is-layout-flow\">\n<h3 class=\"wp-block-heading has-black-color has-text-color has-link-color has-montserrat-font-family wp-elements-7f20f2318d979d8e05b6639eb35b0e1b\" style=\"font-style:normal;font-weight:700\">Una noche escocesa inolvidable de sabores, m\u00fasica y tradici\u00f3n en el coraz\u00f3n de Edimburgo.<\/h3>\n<\/div>\n\n\n\n<div class=\"wp-block-column is-layout-flow wp-block-column-is-layout-flow\">\n<p class=\"has-black-color has-text-color has-link-color has-montserrat-font-family wp-elements-10815ba5870f43cdde4375f8d5433e8f\">A veces, la mejor manera de experimentar una cultura es <strong>compartiendo un momento juntos <\/strong>alrededor de una mesa.<\/p>\n\n\n\n<p class=\"has-montserrat-font-family\">En Folk and Haggis, hemos creado un espacio dise\u00f1ado especialmente para <strong>grupos:<\/strong> c\u00e1lido, \u00edntimo y lleno del esp\u00edritu de Escocia.<\/p>\n<\/div>\n<\/div>\n\n\n\n<hr class=\"wp-block-separator alignwide has-text-color has-light-gray-color has-alpha-channel-opacity has-light-gray-background-color has-background is-style-wide\" \/>\n\n\n\n<div style=\"height:90px\" aria-hidden=\"true\" class=\"wp-block-spacer\"><\/div>\n\n\n\n<h3 class=\"wp-block-heading has-text-color has-link-color wp-elements-eba3cd2ae9b427df5fd08392b9e6191d\" style=\"color:#005084;font-style:normal;font-weight:600\">\ud83d\udccd Ideal PARA GRUPOS DE ENTRE 15 Y 75 PERSONAS<\/h3>\n\n\n\n<div style=\"height:43px\" aria-hidden=\"true\" class=\"wp-block-spacer\"><\/div>\n\n\n\n<p class=\"has-black-color has-text-color has-link-color has-montserrat-font-family wp-elements-2455c0c81b2ed77fa2dda2976d98e282\">Perfecto para eventos corporativos, celebraciones privadas o visitas en grupo.<\/p>\n\n\n\n<div style=\"height:43px\" aria-hidden=\"true\" class=\"wp-block-spacer\"><\/div>\n\n\n\n<h3 class=\"wp-block-heading has-text-color has-link-color wp-elements-7f48d886202cf86c040501cd695fa47d\" style=\"color:#005084;font-style:normal;font-weight:600\">\ud83c\udfb6 BIENVENIDA CON UN GAITERO &amp; PHOTOCALL<\/h3>\n\n\n\n<div style=\"height:43px\" aria-hidden=\"true\" class=\"wp-block-spacer\"><\/div>\n\n\n\n<p class=\"has-montserrat-font-family\">Los invitados son recibidos por el emocionante sonido de las gaitas tradicionales escocesas y pueden capturar el momento en nuestro divertido photocall.<\/p>\n\n\n\n<div style=\"height:43px\" aria-hidden=\"true\" class=\"wp-block-spacer\"><\/div>\n\n\n\n<h3 class=\"wp-block-heading has-text-color has-link-color wp-elements-50664ed364efdd98fdd27839ba3ce82e\" style=\"color:#005084;font-style:normal;font-weight:600\">\ud83c\udf7d\ufe0f CENA TRADICIONAL ESCOCESA DE 3 PLATOS<\/h3>\n\n\n\n<div style=\"height:43px\" aria-hidden=\"true\" class=\"wp-block-spacer\"><\/div>\n\n\n\n<p class=\"has-montserrat-font-family\">Un men\u00fa tradicional que incluye dos platos salados y un postre, acompa\u00f1ado de una bebida. Podemos adaptarnos a requisitos diet\u00e9ticos especiales.<\/p>\n\n\n\n<div style=\"height:43px\" aria-hidden=\"true\" class=\"wp-block-spacer\"><\/div>\n\n\n\n<h3 class=\"wp-block-heading has-text-color has-link-color has-montserrat-font-family wp-elements-051a3295c6a9292e466c948e003e68ad\" style=\"color:#005084;font-style:normal;font-weight:600\">\ud83c\udfbb CONCIERTO DE M\u00daSICA FOLK EN DIRECTO<\/h3>\n\n\n\n<div style=\"height:43px\" aria-hidden=\"true\" class=\"wp-block-spacer\"><\/div>\n\n\n\n<p class=\"has-black-color has-text-color has-link-color has-montserrat-font-family wp-elements-941c72920bbf4b16533b58e80bef055e\">Dos talentosos m\u00fasicos act\u00faan en vivo y comparten las historias detr\u00e1s de la tradici\u00f3n de la m\u00fasica folk escocesa.<\/p>\n\n\n\n<div style=\"height:43px\" aria-hidden=\"true\" class=\"wp-block-spacer\"><\/div>\n\n\n\n<h3 class=\"wp-block-heading has-text-color has-link-color wp-elements-3503017c6f752dae3867c75e9c9d35ec\" style=\"color:#005084;font-style:normal;font-weight:600\">\ud83e\udd43Brindis con whisky o degustaci\u00f3n opcional de whisky<\/h3>\n\n\n\n<div style=\"height:43px\" aria-hidden=\"true\" class=\"wp-block-spacer\"><\/div>\n\n\n\n<p class=\"has-black-color has-text-color has-link-color has-montserrat-font-family wp-elements-645394fb19657f4583cd9836084b0b74\">Brinda con un cl\u00e1sico brindis de whisky o elige una degustaci\u00f3n guiada por un experto. Tambi\u00e9n hay opciones sin alcohol disponibles.<\/p>\n\n\n\n<div style=\"height:43px\" aria-hidden=\"true\" class=\"wp-block-spacer\"><\/div>\n\n\n\n<h3 class=\"wp-block-heading has-text-color has-link-color wp-elements-19aa5db08f9fe37826f400fea51f094a\" style=\"color:#005084;font-style:normal;font-weight:600\">\ud83d\udd52 HORARIOS FLEXIBLES<\/h3>\n\n\n\n<div style=\"height:43px\" aria-hidden=\"true\" class=\"wp-block-spacer\"><\/div>\n\n\n\n<p class=\"has-black-color has-text-color has-link-color has-montserrat-font-family wp-elements-31acd622fd1260d72c8ec2570123483a\">Las cenas privadas pueden organizarse por la ma\u00f1ana o por la noche, cualquier d\u00eda de la semana, seg\u00fan las necesidades de tu grupo.<\/p>\n\n\n\n<div style=\"height:43px\" aria-hidden=\"true\" class=\"wp-block-spacer\"><\/div>\n\n\n\n<h3 class=\"wp-block-heading has-text-color has-link-color wp-elements-d8e6277746b340e66022dc09de8c2078\" style=\"color:#005084;font-style:normal;font-weight:600\">\ud83d\udcbc EXPERIENCIA PERSONALIZADA<\/h3>\n\n\n\n<div style=\"height:43px\" aria-hidden=\"true\" class=\"wp-block-spacer\"><\/div>\n\n\n\n<p class=\"has-black-color has-text-color has-link-color has-montserrat-font-family wp-elements-3fb84ca3e70d336f7dbb38aaa6b098ff\">Personalizamos la experiencia para adaptarnos a tus horarios, preferencias y solicitudes especiales.<\/p>\n\n\n\n<div style=\"height:43px\" aria-hidden=\"true\" class=\"wp-block-spacer\"><\/div>\n\n\n\n<div style=\"height:43px\" aria-hidden=\"true\" class=\"wp-block-spacer\"><\/div>\n\n\n\n<blockquote class=\"wp-block-quote is-style-default is-layout-flow wp-block-quote-is-layout-flow\">\n<p class=\"has-montserrat-font-family\"><em>Crea recuerdos inolvidables con tu grupo mientras se sumergen en los ricos sabores, la m\u00fasica sentida y las c\u00e1lidas tradiciones de Escocia \u2014 todo en una experiencia \u00edntima y personalizada creada especialmente para ellos.<\/em><\/p>\n<\/blockquote>\n\n\n\n<div style=\"height:114px\" aria-hidden=\"true\" class=\"wp-block-spacer\"><\/div>\n\n\n\n<div class=\"wp-block-buttons is-content-justification-center is-layout-flex wp-container-core-buttons-is-layout-a89b3969 wp-block-buttons-is-layout-flex\">\n<div class=\"wp-block-button has-custom-width wp-block-button__width-50\"><a class=\"wp-block-button__link has-background has-montserrat-font-family wp-element-button\" href=\"https:\/\/folkandhaggis.com\/es\/contact-us-groups\/\" style=\"background-color:#005084;font-style:normal;font-weight:800\">Contacta con nosotros<\/a><\/div>\n<\/div>\n\n\n\n<div style=\"height:84px\" aria-hidden=\"true\" class=\"wp-block-spacer\"><\/div>\n","protected":false},"excerpt":{"rendered":"<p>This is an example page excerpt. An excerpt can be used to provide a summary of the full page content.<\/p>\n","protected":false},"author":1,"featured_media":2160,"parent":0,"menu_order":0,"comment_status":"open","ping_status":"open","template":"","meta":{"footnotes":""},"class_list":["post-2159","page","type-page","status-publish","has-post-thumbnail","hentry"],"_links":{"self":[{"href":"https:\/\/folkandhaggis.com\/es\/wp-json\/wp\/v2\/pages\/2159","targetHints":{"allow":["GET"]}}],"collection":[{"href":"https:\/\/folkandhaggis.com\/es\/wp-json\/wp\/v2\/pages"}],"about":[{"href":"https:\/\/folkandhaggis.com\/es\/wp-json\/wp\/v2\/types\/page"}],"author":[{"embeddable":true,"href":"https:\/\/folkandhaggis.com\/es\/wp-json\/wp\/v2\/users\/1"}],"replies":[{"embeddable":true,"href":"https:\/\/folkandhaggis.com\/es\/wp-json\/wp\/v2\/comments?post=2159"}],"version-history":[{"count":6,"href":"https:\/\/folkandhaggis.com\/es\/wp-json\/wp\/v2\/pages\/2159\/revisions"}],"predecessor-version":[{"id":2421,"href":"https:\/\/folkandhaggis.com\/es\/wp-json\/wp\/v2\/pages\/2159\/revisions\/2421"}],"wp:featuredmedia":[{"embeddable":true,"href":"https:\/\/folkandhaggis.com\/es\/wp-json\/wp\/v2\/media\/2160"}],"wp:attachment":[{"href":"https:\/\/folkandhaggis.com\/es\/wp-json\/wp\/v2\/media?parent=2159"}],"curies":[{"name":"wp","href":"https:\/\/api.w.org\/{rel}","templated":true}]}}